{"id":743,"date":"2022-02-24T14:11:37","date_gmt":"2022-02-24T14:11:37","guid":{"rendered":"https:\/\/aristarchusproject.eu\/about\/"},"modified":"2024-05-16T07:17:05","modified_gmt":"2024-05-16T07:17:05","slug":"about","status":"publish","type":"page","link":"https:\/\/aristarchusproject.eu\/de\/about\/","title":{"rendered":"\u00dcber uns"},"content":{"rendered":"<h1>\u00dcber uns<\/p>\n<\/h1>\n<div>\n<p>        <img decoding=\"async\" src=\"\/wp-content\/uploads\/2022\/04\/overview-1.svg\" alt=\"\"><\/p>\n<h3>\u00dcberblick \u00fcber das Projekt<\/h3>\n<div>\n<p><span>Die enormen Errungenschaften der bemannten Weltraumforschung der letzten 50 Jahre haben die j\u00fcngeren Generationen f\u00fcr die Wissenschaft und insbesondere f\u00fcr unser Sonnensystem begeistert. Die Astronomie bietet ein \u00e4u\u00dferst motivierendes Umfeld, in dem die Lernenden Beobachtungsf\u00e4higkeiten entwickeln, Methoden der wissenschaftlichen Untersuchung entdecken und einige der grundlegenden Gesetze der Physik und Konzepte der Mathematik auf attraktive und sinnvolle Weise erlernen.<\/span><\/p>\n<p><span>Astronomieunterricht in der Grundschule ist h\u00e4ufig eine Herausforderung, da Grundschullehrerinnen und Grundschullehrer oft eher offener f\u00fcr Sprachen oder traditionelle Disziplinen wie Geschichte, Mathematik und Kunst mit einem praktischen k\u00fcnstlerischen Hintergrund als f\u00fcr MINT-F\u00e4cher sind.<\/span><\/p>\n<p><span>In der Sekundarstufe sind die Lehrer meist Experten f\u00fcr haupts\u00e4chlich ihre eigenen F\u00e4cher. <\/span><span>Die Bereitstellung eines ganzheitlichen Unterrichtsrahmens soll sie bei der <\/span><span>Sinnvollen Umsetzung von STEAM-Projekten unterst\u00fctzen.<\/span><\/p>\n<\/div>\n<\/div>\n<div>\n<p>        <img decoding=\"async\" src=\"\/wp-content\/uploads\/2022\/04\/aims-1.svg\" alt=\"\"><\/p>\n<h3>Ziel des Projekts<\/h3>\n<div>\n<h4><strong>Ziel<\/strong><\/h4>\n<p><span>Das Projekt ARISTARCHUS zielt darauf ab, auf dem begehbaren Sonnensystem, einem kin\u00e4sthetischen 3D-Modell der Planetenbewegung im inneren Sonnensystem, aufzubauen, um Lernende in interdisziplin\u00e4re und integrative STEAM-Aktivit\u00e4ten einzubinden.<\/span><\/p>\n<h4><strong>Hauptziele<br \/><\/strong><\/h4>\n<ul>\n<li>Erkundung grundlegender physikalischer Gesetze und mathematischer Konzepte auf attraktive und sinnvolle Weise.<\/li>\n<li>Entwicklung von direktem und erweitertem wissenschaftlichem Wissen in STEAM-Bereichen, das die Lernenden ben\u00f6tigen, um sich reflektiert mit der modernen wissenschaftlichen Welt zu befassen.<\/li>\n<li>Verbesserung sowohl des Lernens in einem interdisziplin\u00e4ren STEAM-Kontext als auch des Wohlbefindens und des Sozialverhaltens der Lernenden.<\/li>\n<li>Verbesserung der wissenschaftlichen Prozessf\u00e4higkeiten der Lernenden.<\/li>\n<\/ul>\n<\/div>\n<\/div>\n<div>\n<p>        <img decoding=\"async\" src=\"\/wp-content\/uploads\/2022\/04\/outputs-1.svg\" alt=\"\"><\/p>\n<h3>Ergebnisse des Projekts<\/h3>\n<div>\n<ul>\n<li>\n<h5><strong>PR1: &#8222;Aristarchus&#8220; Methodischer Rahmen f\u00fcr die Pilotprojekte und Leitlinien f\u00fcr die Lehrkr\u00e4fte<br \/><\/strong><\/h5>\n<p>Es wird der methodische Rahmen f\u00fcr die Pilotprojekte in den Schulen dargelegt, einschlie\u00dflich umfassender Leitlinien f\u00fcr die Lehrkr\u00e4fte und den Prozess der Bewertung der Wirksamkeit.<\/p>\n<\/li>\n<li>\n<h5><strong>PR2: &#8222;Aristarchus&#8220;-Lehrmittelpaket<br \/><\/strong><\/h5>\n<p>Es handelt sich um ein vollst\u00e4ndiges und koh\u00e4rentes Toolkit mit gebrauchsfertigem Material und bew\u00e4hrten Praktiken zur Verwendung des begehbaren Sonnensystems unter dem Dach von STEAM im Klassenzimmer.<\/p>\n<\/li>\n<li>\n<h5><strong>PR3: &#8222;Aristarchus&#8220;-Augmented-Reality-Anwendung<br \/><\/strong><\/h5>\n<p>Es handelt sich um eine spielerische Augmented-Reality-Anwendung (AR), die kostenlos auf den Smartphones der Lernenden genutzt werden kann und die Motivation und das konzeptionelle Verst\u00e4ndnis einfacher Beziehungen im Sonnensystem und der Physik im Allgemeinen verbessert.<\/p>\n<\/li>\n<li>\n<h5><strong>PR4: E-Learning-Plattform &#8222;Aristarchus&#8220; und spielerische Lernmodule<br \/><\/strong><\/h5>\n<p>Die Plattform wird gamifizierte Inhalte enthalten, die es den Lernenden erm\u00f6glichen, ihr Wissen und ihre Erfahrungen im Zusammenhang mit dem begehbaren Sonnensystem anderen physikalischen Konzepten anzuwenden, und die Lehrkr\u00e4fte bei der Gestaltung neuer Lernerfahrungen unterst\u00fctzen.<\/p>\n<\/li>\n<\/ul>\n<\/div>\n<\/div>\n<div>\n<p>        <img decoding=\"async\" src=\"\/wp-content\/uploads\/2022\/04\/methodology-2.svg\" alt=\"\"><\/p>\n<h3>Methodik<\/h3>\n<ul class=\"second-ul\">\n<div>\n<ul>\n<li>\n<h5><strong>PR1: &#8222;Aristarchus&#8220; Methodischer Rahmen f\u00fcr die Pilotprojekte und Leitlinien f\u00fcr die Lehrkr\u00e4fte<br \/><\/strong><\/h5>\n<ul>\n<li>Bereitstellung eines konkreten Plans, der bei der Durchf\u00fchrung des Pilotprojekts befolgt werden soll, einschlie\u00dflich der ethischen Dokumentation und der Eingliederungsstrategien.<\/li>\n<li>Entwicklung geeigneter Messinstrumente zur Bewertung der Wirksamkeit des Pilotprojekts..<\/li>\n<\/ul>\n<\/li>\n<li>\n<h5><strong>PR2: &#8222;Aristarchus&#8220;-Lehrmittelpaket<br \/><\/strong><\/h5>\n<ul>\n<li>Identifizierung von Best-Practice-Beispielen, die zum Ansatz des begehbaren Sonnensystems passen, und Entwicklung von sechs (6) Lehr- und Lerneinheiten.<\/li>\n<li>Durchf\u00fchrung von Schulungssitzungen f\u00fcr Ausbildende und Workshops f\u00fcr Lernende mit dem Ziel, diese zu bewerten und Feedback f\u00fcr weitere Verbesserungen zu geben.<\/li>\n<\/ul>\n<\/li>\n<li>\n<h5><strong>PR3: &#8222;Aristarchus&#8220;-Augmented-Reality-Anwendung<br \/><\/strong><\/h5>\n<ul>\n<li>Durchf\u00fchrung einer Literaturrecherche, die als Grundlage f\u00fcr die Entwicklung der Anwendung dient<\/li>\n<li>Entwicklung der AR-Anwendung in \u00dcbereinstimmung mit dem Input der Experten.<\/li>\n<li>Untersuchung der Auswirkungen auf die Lernenden und Anpassung an das Feedback.<\/li>\n<\/ul>\n<\/li>\n<li>\n<h5><strong>PR4: E-Learning-Plattform &#8222;Aristarchus&#8220; und spielerische Lernmodule<br \/><\/strong><\/h5>\n<ul>\n<li>Erstellung hochgradig interaktiver gamifizierter Spiele f\u00fcr Lernende.<\/li>\n<li>Dient als Referenzpunkt f\u00fcr P\u00e4dagogen bei der Gestaltung von Lernerfahrungen.<\/li>\n<li>F\u00f6rderung des selbstgesteuerten Lernens.<\/li>\n<\/ul>\n<\/li>\n<\/ul>\n<\/div>\n<\/div>\n<div>\n<p>    <iframe loading=\"lazy\" src=\"https:\/\/www.google.com\/maps\/d\/embed?mid=1r24CgFx-H_Qzb67sAsHSzXZkjRp_i5E&#038;ehbc=2E312F\" width=\"100%\" height=\"800\"><\/iframe>\n<\/div>\n<p><!--more--><br \/>\n<!-- {\"type\":\"layout\",\"children\":[{\"type\":\"section\",\"props\":{\"style\":\"default\",\"width\":\"default\",\"vertical_align\":\"middle\",\"title_position\":\"top-left\",\"title_rotation\":\"left\",\"title_breakpoint\":\"xl\",\"image_position\":\"center-center\",\"padding_remove_top\":true,\"padding_remove_bottom\":false,\"padding\":\"xsmall\",\"animation\":\"fade\",\"animation_delay\":\"200\"},\"children\":[{\"type\":\"row\",\"children\":[{\"type\":\"column\",\"props\":{\"position_sticky_breakpoint\":\"m\",\"image_position\":\"center-center\",\"media_overlay_gradient\":\"\"},\"children\":[{\"type\":\"headline\",\"props\":{\"title_element\":\"h1\",\"title_style\":\"h1\",\"title_color\":\"success\",\"text_align\":\"left\",\"content\":\"\\u00dcber uns\\n\\n\"},\"name\":\"headline-pages\"}]}]}]},{\"type\":\"section\",\"props\":{\"style\":\"default\",\"width\":\"default\",\"vertical_align\":\"middle\",\"title_position\":\"top-left\",\"title_rotation\":\"left\",\"title_breakpoint\":\"xl\",\"image_position\":\"center-center\",\"css\":\".el-section{background:#9EC1BD}\",\"animation\":\"slide-left-medium\",\"animation_delay\":\"200\"},\"children\":[{\"type\":\"row\",\"children\":[{\"type\":\"column\",\"props\":{\"position_sticky_breakpoint\":\"m\",\"image_position\":\"center-center\",\"media_overlay_gradient\":\"\"},\"children\":[{\"type\":\"panel\",\"props\":{\"link_text\":\"[readmore_text]\",\"title_hover_style\":\"reset\",\"title_element\":\"h3\",\"title_align\":\"top\",\"title_grid_width\":\"1-2\",\"title_grid_breakpoint\":\"m\",\"meta_style\":\"meta\",\"meta_align\":\"below-title\",\"meta_element\":\"div\",\"content_column_breakpoint\":\"m\",\"icon_width\":80,\"image_align\":\"right\",\"image_grid_width\":\"1-3\",\"image_grid_breakpoint\":\"m\",\"image_svg_color\":\"emphasis\",\"link_style\":\"primary\",\"margin\":\"default\",\"title\":\"\\u00dcberblick \\u00fcber das Projekt\",\"content\":\"\n\n<p><span>Die enormen Errungenschaften der bemannten Weltraumforschung der letzten 50 Jahre haben die j\\u00fcngeren Generationen f\\u00fcr die Wissenschaft und insbesondere f\\u00fcr unser Sonnensystem begeistert. Die Astronomie bietet ein \\u00e4u\\u00dferst motivierendes Umfeld, in dem die Lernenden Beobachtungsf\\u00e4higkeiten entwickeln, Methoden der wissenschaftlichen Untersuchung entdecken und einige der grundlegenden Gesetze der Physik und Konzepte der Mathematik auf attraktive und sinnvolle Weise erlernen.<\\\/span><\\\/p>\\n\n\n<p><span>Astronomieunterricht in der Grundschule ist h\\u00e4ufig eine Herausforderung, da Grundschullehrerinnen und Grundschullehrer oft eher offener f\\u00fcr Sprachen oder traditionelle Disziplinen wie Geschichte, Mathematik und Kunst mit einem praktischen k\\u00fcnstlerischen Hintergrund als f\\u00fcr MINT-F\\u00e4cher sind.<\\\/span><\\\/p>\\n\n\n<p><span>In der Sekundarstufe sind die Lehrer meist Experten f\\u00fcr haupts\\u00e4chlich ihre eigenen F\\u00e4cher. <\\\/span><span>Die Bereitstellung eines ganzheitlichen Unterrichtsrahmens soll sie bei der <\\\/span><span>Sinnvollen Umsetzung von STEAM-Projekten unterst\\u00fctzen.<\\\/span><\\\/p>\",\"image\":\"wp-content\\\/uploads\\\/2022\\\/04\\\/overview-1.svg\",\"title_color\":\"success\",\"link\":\"\",\"css\":\".el-image{max-height:270px;}\"},\"name\":\"right-image-panel\"}]}]}]},{\"type\":\"section\",\"props\":{\"style\":\"default\",\"width\":\"default\",\"vertical_align\":\"middle\",\"title_position\":\"top-left\",\"title_rotation\":\"left\",\"title_breakpoint\":\"xl\",\"image_position\":\"center-center\",\"css\":\"\\n.el-section{background:#F8B6A7}\",\"animation\":\"slide-right-medium\",\"animation_delay\":\"200\"},\"children\":[{\"type\":\"row\",\"children\":[{\"type\":\"column\",\"props\":{\"position_sticky_breakpoint\":\"m\",\"image_position\":\"center-center\",\"media_overlay_gradient\":\"\"},\"children\":[{\"type\":\"panel\",\"props\":{\"link_text\":\"Read more\",\"title_hover_style\":\"reset\",\"title_element\":\"h3\",\"title_align\":\"top\",\"title_grid_width\":\"1-2\",\"title_grid_breakpoint\":\"m\",\"meta_style\":\"meta\",\"meta_align\":\"below-title\",\"meta_element\":\"div\",\"content_column_breakpoint\":\"m\",\"icon_width\":80,\"image_align\":\"left\",\"image_grid_width\":\"1-3\",\"image_grid_breakpoint\":\"m\",\"image_svg_color\":\"emphasis\",\"link_style\":\"primary\",\"margin\":\"default\",\"title\":\"Ziel des Projekts\",\"content\":\"\n\n<h4><strong>Ziel<\\\/strong><\\\/h4>\\n\n\n<p><span>Das Projekt ARISTARCHUS zielt darauf ab, auf dem begehbaren Sonnensystem, einem kin\\u00e4sthetischen 3D-Modell der Planetenbewegung im inneren Sonnensystem, aufzubauen, um Lernende in interdisziplin\\u00e4re und integrative STEAM-Aktivit\\u00e4ten einzubinden.<\\\/span><\\\/p>\\n\n\n<h4><strong>Hauptziele<br \\\/><\\\/strong><\\\/h4>\\n\n\n<ul>\\n\n\n<li>Erkundung grundlegender physikalischer Gesetze und mathematischer Konzepte auf attraktive und sinnvolle Weise.<\\\/li>\\n\n\n<li>Entwicklung von direktem und erweitertem wissenschaftlichem Wissen in STEAM-Bereichen, das die Lernenden ben\\u00f6tigen, um sich reflektiert mit der modernen wissenschaftlichen Welt zu befassen.<\\\/li>\\n\n\n<li>Verbesserung sowohl des Lernens in einem interdisziplin\\u00e4ren STEAM-Kontext als auch des Wohlbefindens und des Sozialverhaltens der Lernenden.<\\\/li>\\n\n\n<li>Verbesserung der wissenschaftlichen Prozessf\\u00e4higkeiten der Lernenden.<\\\/li>\\n<\\\/ul>\",\"image\":\"wp-content\\\/uploads\\\/2022\\\/04\\\/aims-1.svg\",\"title_color\":\"success\",\"link\":\"\",\"class\":\"aim-ele\",\"css\":\".el-image {\\n  display: flex;\\n  vertical-align: middle;\\n  align-items: center;\\n  justify-content: center;\\n  height: 100%;\\n}\\n\\n\"},\"name\":\"left-image-panel\"}]}]}]},{\"type\":\"section\",\"props\":{\"style\":\"default\",\"width\":\"default\",\"vertical_align\":\"middle\",\"title_position\":\"top-left\",\"title_rotation\":\"left\",\"title_breakpoint\":\"xl\",\"image_position\":\"center-center\",\"css\":\".el-section{background:#9EC1BD}\",\"animation\":\"slide-left-medium\"},\"children\":[{\"type\":\"row\",\"children\":[{\"type\":\"column\",\"props\":{\"position_sticky_breakpoint\":\"m\",\"image_position\":\"center-center\",\"media_overlay_gradient\":\"\"},\"children\":[{\"type\":\"panel\",\"props\":{\"link_text\":\"Read more\",\"title_hover_style\":\"reset\",\"title_element\":\"h3\",\"title_align\":\"top\",\"title_grid_width\":\"1-2\",\"title_grid_breakpoint\":\"m\",\"meta_style\":\"meta\",\"meta_align\":\"below-title\",\"meta_element\":\"div\",\"content_column_breakpoint\":\"m\",\"icon_width\":80,\"image_align\":\"right\",\"image_grid_width\":\"1-3\",\"image_grid_breakpoint\":\"m\",\"image_svg_color\":\"emphasis\",\"link_style\":\"primary\",\"margin\":\"default\",\"title\":\"Ergebnisse des Projekts\",\"content\":\"\n\n<ul>\\n\n\n<li>\\n\n\n<h5><strong>PR1: \\\"Aristarchus\\\" Methodischer Rahmen f\\u00fcr die Pilotprojekte und Leitlinien f\\u00fcr die Lehrkr\\u00e4fte<br \\\/><\\\/strong><\\\/h5>\\nEs wird der methodische Rahmen f\\u00fcr die Pilotprojekte in den Schulen dargelegt, einschlie\\u00dflich umfassender Leitlinien f\\u00fcr die Lehrkr\\u00e4fte und den Prozess der Bewertung der Wirksamkeit.<br \\\/><br \\\/><\\\/li>\\n\n\n<li>\\n\n\n<h5><strong>PR2: \\\"Aristarchus\\\"-Lehrmittelpaket<br \\\/><\\\/strong><\\\/h5>\\nEs handelt sich um ein vollst\\u00e4ndiges und koh\\u00e4rentes Toolkit mit gebrauchsfertigem Material und bew\\u00e4hrten Praktiken zur Verwendung des begehbaren Sonnensystems unter dem Dach von STEAM im Klassenzimmer.<br \\\/><br \\\/><\\\/li>\\n\n\n<li>\\n\n\n<h5><strong>PR3: \\\"Aristarchus\\\"-Augmented-Reality-Anwendung<br \\\/><\\\/strong><\\\/h5>\\nEs handelt sich um eine spielerische Augmented-Reality-Anwendung (AR), die kostenlos auf den Smartphones der Lernenden genutzt werden kann und die Motivation und das konzeptionelle Verst\\u00e4ndnis einfacher Beziehungen im Sonnensystem und der Physik im Allgemeinen verbessert.<br \\\/><br \\\/><\\\/li>\\n\n\n<li>\\n\n\n<h5><strong>PR4: E-Learning-Plattform \\\"Aristarchus\\\" und spielerische Lernmodule<br \\\/><\\\/strong><\\\/h5>\\nDie Plattform wird gamifizierte Inhalte enthalten, die es den Lernenden erm\\u00f6glichen, ihr Wissen und ihre Erfahrungen im Zusammenhang mit dem begehbaren Sonnensystem anderen physikalischen Konzepten anzuwenden, und die Lehrkr\\u00e4fte bei der Gestaltung neuer Lernerfahrungen unterst\\u00fctzen.<br \\\/><br \\\/><\\\/li>\\n<\\\/ul>\",\"image\":\"wp-content\\\/uploads\\\/2022\\\/04\\\/outputs-1.svg\",\"title_color\":\"success\",\"link\":\"\",\"class\":\"outputstab\",\"css\":\".el-image {\\n  display: flex;\\n  vertical-align: middle;\\n  align-items: center;\\n  justify-content: center;\\n  height: 100%;\\n}\\n\\n\"},\"name\":\"right-image-panel\"}]}]}]},{\"type\":\"section\",\"props\":{\"style\":\"default\",\"width\":\"default\",\"vertical_align\":\"middle\",\"title_position\":\"top-left\",\"title_rotation\":\"left\",\"title_breakpoint\":\"xl\",\"image_position\":\"center-center\",\"css\":\"\\n.el-section{background:rgba(129, 113, 169,0.5)}\",\"animation\":\"slide-right-medium\",\"animation_delay\":\"200\"},\"children\":[{\"type\":\"row\",\"children\":[{\"type\":\"column\",\"props\":{\"position_sticky_breakpoint\":\"m\",\"image_position\":\"center-center\",\"media_overlay_gradient\":\"\"},\"children\":[{\"type\":\"panel\",\"props\":{\"link_text\":\"Read more\",\"title_hover_style\":\"reset\",\"title_element\":\"h3\",\"title_align\":\"top\",\"title_grid_width\":\"1-2\",\"title_grid_breakpoint\":\"m\",\"meta_style\":\"meta\",\"meta_align\":\"below-title\",\"meta_element\":\"div\",\"content_column_breakpoint\":\"m\",\"icon_width\":80,\"image_align\":\"left\",\"image_grid_width\":\"1-3\",\"image_grid_breakpoint\":\"m\",\"image_svg_color\":\"emphasis\",\"link_style\":\"primary\",\"margin\":\"default\",\"title\":\"Methodik\",\"content\":\"\n\n<ul>\\n\n\n<li>\\n\n\n<h5><strong>PR1: \\\"Aristarchus\\\" Methodischer Rahmen f\\u00fcr die Pilotprojekte und Leitlinien f\\u00fcr die Lehrkr\\u00e4fte<br \\\/><\\\/strong><\\\/h5>\\n\n\n<ul>\\n\n\n<li>Bereitstellung eines konkreten Plans, der bei der Durchf\\u00fchrung des Pilotprojekts befolgt werden soll, einschlie\\u00dflich der ethischen Dokumentation und der Eingliederungsstrategien.<\\\/li>\\n\n\n<li>Entwicklung geeigneter Messinstrumente zur Bewertung der Wirksamkeit des Pilotprojekts..<\\\/li>\\n<\\\/ul>\\n<\\\/li>\\n\n\n<li>\\n\n\n<h5><strong>PR2: \\\"Aristarchus\\\"-Lehrmittelpaket<br \\\/><\\\/strong><\\\/h5>\\n\n\n<ul>\\n\n\n<li>Identifizierung von Best-Practice-Beispielen, die zum Ansatz des begehbaren Sonnensystems passen, und Entwicklung von sechs (6) Lehr- und Lerneinheiten.<\\\/li>\\n\n\n<li>Durchf\\u00fchrung von Schulungssitzungen f\\u00fcr Ausbildende und Workshops f\\u00fcr Lernende mit dem Ziel, diese zu bewerten und Feedback f\\u00fcr weitere Verbesserungen zu geben.<\\\/li>\\n<\\\/ul>\\n<\\\/li>\\n\n\n<li>\\n\n\n<h5><strong>PR3: \\\"Aristarchus\\\"-Augmented-Reality-Anwendung<br \\\/><\\\/strong><\\\/h5>\\n\n\n<ul>\\n\n\n<li>Durchf\\u00fchrung einer Literaturrecherche, die als Grundlage f\\u00fcr die Entwicklung der Anwendung dient<\\\/li>\\n\n\n<li>Entwicklung der AR-Anwendung in \\u00dcbereinstimmung mit dem Input der Experten.<\\\/li>\\n\n\n<li>Untersuchung der Auswirkungen auf die Lernenden und Anpassung an das Feedback.<\\\/li>\\n<\\\/ul>\\n<\\\/li>\\n\n\n<li>\\n\n\n<h5><strong>PR4: E-Learning-Plattform \\\"Aristarchus\\\" und spielerische Lernmodule<br \\\/><\\\/strong><\\\/h5>\\n\n\n<ul>\\n\n\n<li>Erstellung hochgradig interaktiver gamifizierter Spiele f\\u00fcr Lernende.<\\\/li>\\n\n\n<li>Dient als Referenzpunkt f\\u00fcr P\\u00e4dagogen bei der Gestaltung von Lernerfahrungen.<\\\/li>\\n\n\n<li>F\\u00f6rderung des selbstgesteuerten Lernens.<\\\/li>\\n<\\\/ul>\\n<\\\/li>\\n<\\\/ul>\",\"image\":\"wp-content\\\/uploads\\\/2022\\\/04\\\/methodology-2.svg\",\"title_color\":\"success\",\"link\":\"\",\"meta\":\" \n\n<ul class=\\\"second-ul\\\">\",\"class\":\"outputstab\",\"css\":\".el-image {\\n  display: flex;\\n  vertical-align: middle;\\n  align-items: center;\\n  justify-content: center;\\n  height: 100%;\\n}\\n\\n\"},\"name\":\"left-image-panel\"}]}]}]},{\"type\":\"section\",\"props\":{\"style\":\"default\",\"width\":\"\",\"vertical_align\":\"middle\",\"title_position\":\"top-left\",\"title_rotation\":\"left\",\"title_breakpoint\":\"xl\",\"image_position\":\"center-center\",\"padding_remove_top\":true,\"padding_remove_bottom\":true},\"children\":[{\"type\":\"row\",\"children\":[{\"type\":\"column\",\"props\":{\"position_sticky_breakpoint\":\"m\",\"image_position\":\"center-center\",\"media_overlay_gradient\":\"\"},\"children\":[{\"type\":\"html\",\"props\":{\"content\":\"<iframe src=\\\"https:\\\/\\\/www.google.com\\\/maps\\\/d\\\/embed?mid=1r24CgFx-H_Qzb67sAsHSzXZkjRp_i5E&ehbc=2E312F\\\" width=\\\"100%\\\" height=\\\"800\\\"><\\\/iframe>\"}}]}]}],\"name\":\"mapssec\"}],\"version\":\"2.7.19\"} --><\/p>\n","protected":false},"excerpt":{"rendered":"<p>\u00dcber uns \u00dcberblick \u00fcber das Projekt Die enormen Errungenschaften der bemannten Weltraumforschung der letzten 50 Jahre haben die j\u00fcngeren Generationen f\u00fcr die Wissenschaft und insbesondere..<\/p>\n","protected":false},"author":1,"featured_media":0,"parent":0,"menu_order":0,"comment_status":"closed","ping_status":"closed","template":"","meta":{"_acf_changed":false,"inline_featured_image":false,"footnotes":""},"class_list":["post-743","page","type-page","status-publish","hentry"],"acf":[],"_links":{"self":[{"href":"https:\/\/aristarchusproject.eu\/de\/wp-json\/wp\/v2\/pages\/743","targetHints":{"allow":["GET"]}}],"collection":[{"href":"https:\/\/aristarchusproject.eu\/de\/wp-json\/wp\/v2\/pages"}],"about":[{"href":"https:\/\/aristarchusproject.eu\/de\/wp-json\/wp\/v2\/types\/page"}],"author":[{"embeddable":true,"href":"https:\/\/aristarchusproject.eu\/de\/wp-json\/wp\/v2\/users\/1"}],"replies":[{"embeddable":true,"href":"https:\/\/aristarchusproject.eu\/de\/wp-json\/wp\/v2\/comments?post=743"}],"version-history":[{"count":8,"href":"https:\/\/aristarchusproject.eu\/de\/wp-json\/wp\/v2\/pages\/743\/revisions"}],"predecessor-version":[{"id":990,"href":"https:\/\/aristarchusproject.eu\/de\/wp-json\/wp\/v2\/pages\/743\/revisions\/990"}],"wp:attachment":[{"href":"https:\/\/aristarchusproject.eu\/de\/wp-json\/wp\/v2\/media?parent=743"}],"curies":[{"name":"wp","href":"https:\/\/api.w.org\/{rel}","templated":true}]}}