{"id":759,"date":"2022-03-21T06:09:31","date_gmt":"2022-03-21T06:09:31","guid":{"rendered":"https:\/\/aristarchusproject.eu\/partners\/"},"modified":"2022-05-27T03:16:17","modified_gmt":"2022-05-27T03:16:17","slug":"partners","status":"publish","type":"page","link":"https:\/\/aristarchusproject.eu\/de\/partners\/","title":{"rendered":"Partner"},"content":{"rendered":"<h3><strong>Partner<\/strong><\/h3>\n<ul>\n<li>\n<p>        <img decoding=\"async\" src=\"\/wp-content\/uploads\/2022\/05\/France_CY-logo.png\" alt=\"\"><\/p>\n<h3>CY Cergy Paris Universit\u00e9<\/h3>\n<div>\n<p class=\"uk-text-center\"><img decoding=\"async\" src=\"https:\/\/aristarchusproject.eu\/wp-content\/uploads\/2022\/05\/France_LDAR-300x67.png\" alt=\"\" class=\"size-medium wp-image-566 aligncenter\" width=\"50%\" height=\"\" srcset=\"https:\/\/aristarchusproject.eu\/wp-content\/uploads\/2022\/05\/France_LDAR-300x67.png 300w, https:\/\/aristarchusproject.eu\/wp-content\/uploads\/2022\/05\/France_LDAR.png 422w\" sizes=\"(max-width: 300px) 100vw, 300px\" \/><\/p>\n<p>CY Cergy Paris Universit\u00e9 ist seit dem 28. Oktober 2019 der Zusammenschluss von drei Einrichtungen: der Universit\u00e4t Cergy-Pontoise, der Ingenieurschule EISTI und der Universit\u00e9 Paris Seine. Sie ist eine multidisziplin\u00e4re Hochschuleinrichtung mit sechs Standorten, einer Ingenieurschule und einem Institut f\u00fcr Lehrerausbildung, die 24.000 Studierende und \u00fcber 1700 Mitarbeiter z\u00e4hlt. CY ist eine \u00f6ffentliche Einrichtung mit wissenschaftlicher, kultureller und beruflicher Ausrichtung, die auf die Studierenden ausgerichtet und in der Region verankert ist. Ihre T\u00e4tigkeitsbereiche sind Lehre und Forschung, die alle Bereiche abgesehen von der Medizin abdecken. Die 24 000 Studierenden lernen auf dem internationalen Campus und in vier Graduiertenschulen: -CY Tech &#8211; Wissenschaft, Ingenieurwesen, Wirtschaft und Management &#8211; CY Arts and Humanities &#8211; Human- und Sozialwissenschaften &#8211; CY Education &#8211; National Higher Institute of Teaching and Education the Applied Schools of Social Service and School for Sport Careers &#8211; CY Law &amp; Political Sciences &#8211; Recht und Wissenschaftspolitik.<\/p>\n<\/div>\n<p><a href=\"https:\/\/www.cyu.fr\/\">Website<\/a><\/p>\n<\/li>\n<li>\n<p>        <img decoding=\"async\" src=\"\/wp-content\/uploads\/2022\/05\/Greece_logo_sfiga-bold_circle_el_en.jpg\" alt=\"\"><\/p>\n<h3>PANEPISTIMIO AIGAIOU<\/h3>\n<div>\n<p>Die \u00c4g\u00e4ische Universit\u00e4t (UAegean) wurde 1984 gegr\u00fcndet. Sie ist eine Netzwerkuniversit\u00e4t mit &#8222;akademischen Studien- und Forschungsh\u00e4fen&#8220;, die sich erfolgreich an sechs Standorten auf dem \u00c4g\u00e4ischen Archipel etabliert hat und eine einzigartige akademische, nat\u00fcrliche, kulturelle und menschliche Umgebung bietet. Die UAegean hat starke Partnerschaften und eine effektive Kommunikation mit verschiedenen nationalen, europ\u00e4ischen und internationalen Universit\u00e4ten, Institutionen, Organisationen, Beh\u00f6rden und der \u00d6ffentlichkeit aufgebaut. Sie ist ein starker sozialer und wirtschaftlicher Faktor und fungiert als regionaler Innovator in den beiden griechischen Regionen des \u00c4g\u00e4ischen Archipels: Die Nord\u00e4g\u00e4is und die S\u00fcd\u00e4g\u00e4is. Die zahlreichen Forschungsprojekte der UAegean sind darauf ausgerichtet, die regionalen Innovationskapazit\u00e4ten f\u00fcr die Entwicklung von Humankapital, Unternehmertum und Technologietransfer, Karriereentwicklung und Mobilit\u00e4t von Forschern (Brain-Gain) zu verbessern.<\/p>\n<\/div>\n<p><a href=\"https:\/\/www.aegean.gr\/\">Website<\/a><\/p>\n<\/li>\n<li>\n<p>        <img decoding=\"async\" src=\"\/wp-content\/uploads\/2022\/05\/cardet_new_without-text.png\" alt=\"\"><\/p>\n<h3>CARDET<\/h3>\n<div>\n<p>CARDET (Center for the Advancement of Research &amp; Development in Educational Technology) ist eine unabh\u00e4ngige, gemeinn\u00fctzige, nichtstaatliche Forschungs- und Entwicklungsorganisation mit Sitz in Zypern und Partnern auf der ganzen Welt. CARDET ist eine der f\u00fchrenden Einrichtungen f\u00fcr Forschung und Entwicklung in der Europa-Mittelmeer-Region. CARDET arbeitet mit lokalen und internationalen Organisationen, \u00f6ffentlichen und privaten Einrichtungen und in verschiedenen Disziplinen zusammen, um L\u00f6sungen f\u00fcr lokale und globale Herausforderungen zu entwickeln. Es ist auch unabh\u00e4ngig mit Universit\u00e4ten und Institutionen aus der ganzen Welt verbunden, wie der Yale University, der University of Nicosia und dem International Council of Educational Media. CARDET hat zahlreiche Projekte in den Bereichen Kapazit\u00e4tsaufbau und Planung im Bildungs- und Berufsbildungswesen, Jugendf\u00f6rderung, Erwachsenenbildung, Alphabetisierung, digitale Werkzeuge, eLearning, Bildungstechnologie und soziale Integration von Randgruppen durchgef\u00fchrt.<\/p>\n<\/div>\n<p><a href=\"https:\/\/www.cardet.org\/\">Website<\/a><\/p>\n<\/li>\n<li>\n<p>        <img decoding=\"async\" src=\"\/wp-content\/uploads\/2022\/05\/Germany_wwu.svg\" alt=\"\"><\/p>\n<h3>WESTFAELISCHE WILHELMS- University of M\u00fcnster<\/h3>\n<div>\n<p>Die Universit\u00e4t M\u00fcnster f\u00f6rdert international renommierte Spitzenforschung in den Geistes- und Sozialwissenschaften, den Naturwissenschaften und den Lebenswissenschaften. Diese Bereiche umfassen herausragende Grundlagenforschung und anwendungsorientierte Projekte. Neben der Betreuung von zwei Exzellenzclustern ist die Universit\u00e4t M\u00fcnster designierte Sprecherin in zehn DFG-Sonderforschungsbereichen. Zehn Leibniz-Preistr\u00e4ger arbeiten derzeit an der Universit\u00e4t M\u00fcnster. Rund 20 Grants des Europ\u00e4ischen Forschungsrates (ERC &#8211; Starting, Consolidator und Advanced) und sechs Max-Planck-Forschungspreise unterstreichen die exzellente Forschungsleistung.<\/p>\n<\/div>\n<p><a href=\"https:\/\/www.uni-muenster.de\/en\/\">Website<\/a><\/p>\n<\/li>\n<\/ul>\n<h3>\n<p><strong>Assoziierte Partner<br \/><\/strong><\/p>\n<\/h3>\n<div>\n<div>\n<p><strong>Frankreich:<br \/><\/strong><\/p>\n<p><em>Institutional support :<\/em><\/p>\n<ul>\n<li>CARDIE in Paris<\/li>\n<li>IREM &#8211; Paris (Institut f\u00fcr Forschung und Lehre in Mathematik)<\/li>\n<li>IREM &#8211; Lille und INSPE &#8211; Lille<\/li>\n<\/ul>\n<p><em>Vermittlungszentren:<br \/><\/em><\/p>\n<ul>\n<li>Mus\u00e9e National d&#8217;Histoire Naturelle<\/li>\n<li>Hochschulen<\/li>\n<li>Vereinigung F-HOU<\/li>\n<\/ul>\n<p><em>Schulen:<\/em><\/p>\n<p>Grundschule Arthur Rimbaux und ihre &#8222;cit\u00e9 \u00e9ducative&#8220;,<\/p>\n<ul>\n<li>Chanteloup-les-Vignes (78)<\/li>\n<li>Mittelschule Edouard Pailleron (Paris)<\/li>\n<li>Mittelschule Louise Michel (Paris)<\/li>\n<li>Primary School Paul Bert, Canejan<\/li>\n<li>Junior high school of Berc\u00e9, Montval sur Loir<\/li>\n<li>EDEYS The school for dyslexic children<\/li>\n<\/ul>\n<\/div>\n<\/div>\n<div>\n<div>\n<p><strong>Griechenland:<br \/><\/strong><\/p>\n<ul>\n<li>PARAGON-eduTech<\/li>\n<li>3. Grundschule von Kilkis<\/li>\n<li>1. Gymnasium von Rafina<\/li>\n<li>1. Gymnasium von Halkutsi<\/li>\n<li>3rd Laboratory Center of East Attica (3EK)<\/li>\n<li>3. Laborzentrum von Ost-Attika (3EK)<\/li>\n<li>\n<p><span>Rodion Pedia<\/span><\/p>\n<\/li>\n<\/ul>\n<p><strong>Zypern:<br \/><\/strong><\/p>\n<ul>\n<li>Ministerium f\u00fcr Bildung, Kultur, Sport und Jugend von Zypern<\/li>\n<li>Handelskammer Zypern<\/li>\n<\/ul>\n<p><strong>Deutschland: <br \/><\/strong><\/p>\n<ul>\n<li>Goethe-Gymnasium Ibbenb\u00fcren<\/li>\n<li>Neues Gymnasium Oldenburg<\/li>\n<li>LWL-Museum f\u00fcr Naturkunde mit Planetarium<\/li>\n<\/ul>\n<\/div>\n<\/div>\n<p><!--more--><br \/>\n<!-- {\"type\":\"layout\",\"children\":[{\"type\":\"section\",\"props\":{\"style\":\"default\",\"width\":\"\",\"vertical_align\":\"middle\",\"title_position\":\"top-left\",\"title_rotation\":\"left\",\"title_breakpoint\":\"xl\",\"image_position\":\"center-center\",\"padding_remove_top\":false},\"children\":[{\"type\":\"row\",\"children\":[{\"type\":\"column\",\"props\":{\"position_sticky_breakpoint\":\"m\",\"image_position\":\"center-center\",\"media_overlay_gradient\":\"\"},\"children\":[{\"type\":\"headline\",\"props\":{\"title_element\":\"h3\",\"title_style\":\"h3\",\"title_color\":\"success\",\"text_align\":\"left\",\"content\":\"<strong>Partner<\\\/strong>\"},\"name\":\"headline-pages\"}]}],\"props\":{\"width\":\"default\"}},{\"type\":\"row\",\"children\":[{\"type\":\"column\",\"props\":{\"position_sticky_breakpoint\":\"m\",\"image_position\":\"center-center\",\"media_overlay_gradient\":\"\"},\"children\":[{\"name\":\"Accordion Image Top\",\"type\":\"accordion\",\"children\":[{\"name\":\"\",\"type\":\"accordion_item\",\"props\":{\"content\":\"\n\n<p class=\\\"uk-text-center\\\"><img src=\\\"https:\\\/\\\/aristarchusproject.eu\\\/wp-content\\\/uploads\\\/2022\\\/05\\\/France_LDAR-300x67.png\\\" alt=\\\"\\\" class=\\\"size-medium wp-image-566 aligncenter\\\" width=\\\"50%\\\" height=\\\"\\\" \\\/><\\\/p>\\n\n\n<p>CY Cergy Paris Universit\\u00e9 ist seit dem 28. Oktober 2019 der Zusammenschluss von drei Einrichtungen: der Universit\\u00e4t Cergy-Pontoise, der Ingenieurschule EISTI und der Universit\\u00e9 Paris Seine. Sie ist eine multidisziplin\\u00e4re Hochschuleinrichtung mit sechs Standorten, einer Ingenieurschule und einem Institut f\\u00fcr Lehrerausbildung, die 24.000 Studierende und \\u00fcber 1700 Mitarbeiter z\\u00e4hlt. CY ist eine \\u00f6ffentliche Einrichtung mit wissenschaftlicher, kultureller und beruflicher Ausrichtung, die auf die Studierenden ausgerichtet und in der Region verankert ist. Ihre T\\u00e4tigkeitsbereiche sind Lehre und Forschung, die alle Bereiche abgesehen von der Medizin abdecken. Die 24 000 Studierenden lernen auf dem internationalen Campus und in vier Graduiertenschulen: -CY Tech - Wissenschaft, Ingenieurwesen, Wirtschaft und Management - CY Arts and Humanities - Human- und Sozialwissenschaften - CY Education - National Higher Institute of Teaching and Education the Applied Schools of Social Service and School for Sport Careers - CY Law &amp; Political Sciences - Recht und Wissenschaftspolitik.<\\\/p>\",\"title\":\"CY Cergy Paris Universit\\u00e9\",\"link\":\"https:\\\/\\\/www.cyu.fr\\\/\",\"image\":\"wp-content\\\/uploads\\\/2022\\\/05\\\/France_CY-logo.png\",\"link_text\":\"\"}},{\"name\":\"\",\"type\":\"accordion_item\",\"props\":{\"content\":\"\n\n<p>Die \\u00c4g\\u00e4ische Universit\\u00e4t (UAegean) wurde 1984 gegr\\u00fcndet. Sie ist eine Netzwerkuniversit\\u00e4t mit \\\"akademischen Studien- und Forschungsh\\u00e4fen\\\", die sich erfolgreich an sechs Standorten auf dem \\u00c4g\\u00e4ischen Archipel etabliert hat und eine einzigartige akademische, nat\\u00fcrliche, kulturelle und menschliche Umgebung bietet. Die UAegean hat starke Partnerschaften und eine effektive Kommunikation mit verschiedenen nationalen, europ\\u00e4ischen und internationalen Universit\\u00e4ten, Institutionen, Organisationen, Beh\\u00f6rden und der \\u00d6ffentlichkeit aufgebaut. Sie ist ein starker sozialer und wirtschaftlicher Faktor und fungiert als regionaler Innovator in den beiden griechischen Regionen des \\u00c4g\\u00e4ischen Archipels: Die Nord\\u00e4g\\u00e4is und die S\\u00fcd\\u00e4g\\u00e4is. Die zahlreichen Forschungsprojekte der UAegean sind darauf ausgerichtet, die regionalen Innovationskapazit\\u00e4ten f\\u00fcr die Entwicklung von Humankapital, Unternehmertum und Technologietransfer, Karriereentwicklung und Mobilit\\u00e4t von Forschern (Brain-Gain) zu verbessern.<\\\/p>\",\"title\":\"PANEPISTIMIO AIGAIOU\",\"link\":\"https:\\\/\\\/www.aegean.gr\\\/\",\"image\":\"wp-content\\\/uploads\\\/2022\\\/05\\\/Greece_logo_sfiga-bold_circle_el_en.jpg\"}},{\"name\":\"\",\"type\":\"accordion_item\",\"props\":{\"content\":\"\n\n<p>CARDET (Center for the Advancement of Research &amp; Development in Educational Technology) ist eine unabh\\u00e4ngige, gemeinn\\u00fctzige, nichtstaatliche Forschungs- und Entwicklungsorganisation mit Sitz in Zypern und Partnern auf der ganzen Welt. CARDET ist eine der f\\u00fchrenden Einrichtungen f\\u00fcr Forschung und Entwicklung in der Europa-Mittelmeer-Region. CARDET arbeitet mit lokalen und internationalen Organisationen, \\u00f6ffentlichen und privaten Einrichtungen und in verschiedenen Disziplinen zusammen, um L\\u00f6sungen f\\u00fcr lokale und globale Herausforderungen zu entwickeln. Es ist auch unabh\\u00e4ngig mit Universit\\u00e4ten und Institutionen aus der ganzen Welt verbunden, wie der Yale University, der University of Nicosia und dem International Council of Educational Media. CARDET hat zahlreiche Projekte in den Bereichen Kapazit\\u00e4tsaufbau und Planung im Bildungs- und Berufsbildungswesen, Jugendf\\u00f6rderung, Erwachsenenbildung, Alphabetisierung, digitale Werkzeuge, eLearning, Bildungstechnologie und soziale Integration von Randgruppen durchgef\\u00fchrt.<\\\/p>\",\"title\":\"CARDET\",\"link\":\"https:\\\/\\\/www.cardet.org\\\/\",\"image\":\"wp-content\\\/uploads\\\/2022\\\/05\\\/cardet_new_without-text.png\"}},{\"name\":\"\",\"type\":\"accordion_item\",\"props\":{\"content\":\"\n\n<p>Die Universit\\u00e4t M\\u00fcnster f\\u00f6rdert international renommierte Spitzenforschung in den Geistes- und Sozialwissenschaften, den Naturwissenschaften und den Lebenswissenschaften. Diese Bereiche umfassen herausragende Grundlagenforschung und anwendungsorientierte Projekte. Neben der Betreuung von zwei Exzellenzclustern ist die Universit\\u00e4t M\\u00fcnster designierte Sprecherin in zehn DFG-Sonderforschungsbereichen. Zehn Leibniz-Preistr\\u00e4ger arbeiten derzeit an der Universit\\u00e4t M\\u00fcnster. Rund 20 Grants des Europ\\u00e4ischen Forschungsrates (ERC - Starting, Consolidator und Advanced) und sechs Max-Planck-Forschungspreise unterstreichen die exzellente Forschungsleistung.<\\\/p>\",\"title\":\"WESTFAELISCHE WILHELMS- University of M\\u00fcnster\",\"link\":\"https:\\\/\\\/www.uni-muenster.de\\\/en\\\/\",\"image\":\"wp-content\\\/uploads\\\/2022\\\/05\\\/Germany_wwu.svg\"}}],\"props\":{\"multiple\":false,\"collapsible\":false,\"show_image\":true,\"show_link\":true,\"title_element\":\"h3\",\"image_align\":\"top\",\"image_grid_width\":\"1-2\",\"link_text\":\"[website_text]\",\"link_style\":\"primary\",\"image_svg_color\":\"emphasis\",\"image_grid_breakpoint\":\"m\",\"content_column_breakpoint\":\"m\",\"content_dropcap\":false,\"content_column\":\"\",\"id\":\"accordion-image-top\",\"image_height\":\"300\",\"text_align\":\"center\",\"class\":\"partners-accordion\",\"link_target\":true}}]}]}],\"name\":\"Partners\"},{\"type\":\"section\",\"props\":{\"style\":\"default\",\"width\":\"default\",\"vertical_align\":\"middle\",\"title_position\":\"top-left\",\"title_rotation\":\"left\",\"title_breakpoint\":\"xl\",\"image_position\":\"center-center\"},\"children\":[{\"type\":\"row\",\"children\":[{\"type\":\"column\",\"props\":{\"position_sticky_breakpoint\":\"m\",\"image_position\":\"center-center\",\"media_overlay_gradient\":\"\"},\"children\":[{\"type\":\"headline\",\"props\":{\"title_element\":\"h3\",\"title_style\":\"h3\",\"title_color\":\"success\",\"text_align\":\"left\",\"content\":\"\n\n<p><strong>Assoziierte Partner<br \\\/><\\\/strong><\\\/p>\"},\"name\":\"headline-pages\"}]}]},{\"type\":\"row\",\"props\":{\"layout\":\"1-2,1-2\"},\"children\":[{\"type\":\"column\",\"props\":{\"position_sticky_breakpoint\":\"m\",\"image_position\":\"center-center\",\"media_overlay_gradient\":\"\",\"width_medium\":\"1-2\"},\"children\":[{\"type\":\"list\",\"props\":{\"show_image\":true,\"show_link\":true,\"list_type\":\"vertical\",\"list_element\":\"ul\",\"list_horizontal_separator\":\", \",\"column_breakpoint\":\"m\",\"image_svg_color\":\"emphasis\",\"image_align\":\"left\",\"image_vertical_align\":true},\"children\":[{\"type\":\"list_item\",\"props\":{\"content\":\"\n\n<p><strong>Frankreich:<br \\\/><\\\/strong><\\\/p>\\n\n\n<p><em>Institutional support :<\\\/em><\\\/p>\\n\n\n<ul>\\n\n\n<li>CARDIE in Paris<\\\/li>\\n\n\n<li>IREM - Paris (Institut f\\u00fcr Forschung und Lehre in Mathematik)<\\\/li>\\n\n\n<li>IREM - Lille und INSPE - Lille<\\\/li>\\n<\\\/ul>\\n\n\n<p><em>Vermittlungszentren:<br \\\/><\\\/em><\\\/p>\\n\n\n<ul>\\n\n\n<li>Mus\\u00e9e National d'Histoire Naturelle<\\\/li>\\n\n\n<li>Hochschulen<\\\/li>\\n\n\n<li>Vereinigung F-HOU<\\\/li>\\n<\\\/ul>\\n\n\n<p><em>Schulen:<\\\/em><\\\/p>\\n\n\n<p>Grundschule Arthur Rimbaux und ihre \\\"cit\\u00e9 \\u00e9ducative\\\",<\\\/p>\\n\n\n<ul>\\n\n\n<li>Chanteloup-les-Vignes (78)<\\\/li>\\n\n\n<li>Mittelschule Edouard Pailleron (Paris)<\\\/li>\\n\n\n<li>Mittelschule Louise Michel (Paris)<\\\/li>\\n\n\n<li>Primary School Paul Bert, Canejan<\\\/li>\\n\n\n<li>Junior high school of Berc\\u00e9, Montval sur Loir<\\\/li>\\n\n\n<li>EDEYS The school for dyslexic children<\\\/li>\\n<\\\/ul>\"}}]}]},{\"type\":\"column\",\"props\":{\"position_sticky_breakpoint\":\"m\",\"image_position\":\"center-center\",\"media_overlay_gradient\":\"\",\"width_medium\":\"1-2\"},\"children\":[{\"type\":\"list\",\"props\":{\"show_image\":true,\"show_link\":true,\"list_type\":\"vertical\",\"list_element\":\"ul\",\"list_horizontal_separator\":\", \",\"column_breakpoint\":\"m\",\"image_svg_color\":\"emphasis\",\"image_align\":\"left\",\"image_vertical_align\":true},\"children\":[{\"type\":\"list_item\",\"props\":{\"content\":\"\n\n<p><strong>Griechenland:<br \\\/><\\\/strong><\\\/p>\\n\n\n<ul>\\n\n\n<li>PARAGON-eduTech<\\\/li>\\n\n\n<li>3. Grundschule von Kilkis<\\\/li>\\n\n\n<li>1. Gymnasium von Rafina<\\\/li>\\n\n\n<li>1. Gymnasium von Halkutsi<\\\/li>\\n\n\n<li>3rd Laboratory Center of East Attica (3EK)<\\\/li>\\n\n\n<li>3. Laborzentrum von Ost-Attika (3EK)<\\\/li>\\n\n\n<li>\\n\n\n<p><span>Rodion Pedia<\\\/span><\\\/p>\\n<\\\/li>\\n<\\\/ul>\\n\n\n<p><strong>Zypern:<br \\\/><\\\/strong><\\\/p>\\n\n\n<ul>\\n\n\n<li>Ministerium f\\u00fcr Bildung, Kultur, Sport und Jugend von Zypern<\\\/li>\\n\n\n<li>Handelskammer Zypern<\\\/li>\\n<\\\/ul>\\n\n\n<p><strong>Deutschland: <br \\\/><\\\/strong><\\\/p>\\n\n\n<ul>\\n\n\n<li>Goethe-Gymnasium Ibbenb\\u00fcren<\\\/li>\\n\n\n<li>Neues Gymnasium Oldenburg<\\\/li>\\n\n\n<li>LWL-Museum f\\u00fcr Naturkunde mit Planetarium<\\\/li>\\n<\\\/ul>\"}}]}]}]}]}],\"version\":\"2.7.19\"} --><\/p>\n","protected":false},"excerpt":{"rendered":"<p>Partner CY Cergy Paris Universit\u00e9 CY Cergy Paris Universit\u00e9 ist seit dem 28. Oktober 2019 der Zusammenschluss von drei Einrichtungen: der Universit\u00e4t Cergy-Pontoise, der Ingenieurschule..<\/p>\n","protected":false},"author":1,"featured_media":0,"parent":0,"menu_order":0,"comment_status":"closed","ping_status":"closed","template":"","meta":{"_acf_changed":false,"inline_featured_image":false,"footnotes":""},"class_list":["post-759","page","type-page","status-publish","hentry"],"acf":[],"_links":{"self":[{"href":"https:\/\/aristarchusproject.eu\/de\/wp-json\/wp\/v2\/pages\/759","targetHints":{"allow":["GET"]}}],"collection":[{"href":"https:\/\/aristarchusproject.eu\/de\/wp-json\/wp\/v2\/pages"}],"about":[{"href":"https:\/\/aristarchusproject.eu\/de\/wp-json\/wp\/v2\/types\/page"}],"author":[{"embeddable":true,"href":"https:\/\/aristarchusproject.eu\/de\/wp-json\/wp\/v2\/users\/1"}],"replies":[{"embeddable":true,"href":"https:\/\/aristarchusproject.eu\/de\/wp-json\/wp\/v2\/comments?post=759"}],"version-history":[{"count":8,"href":"https:\/\/aristarchusproject.eu\/de\/wp-json\/wp\/v2\/pages\/759\/revisions"}],"predecessor-version":[{"id":771,"href":"https:\/\/aristarchusproject.eu\/de\/wp-json\/wp\/v2\/pages\/759\/revisions\/771"}],"wp:attachment":[{"href":"https:\/\/aristarchusproject.eu\/de\/wp-json\/wp\/v2\/media?parent=759"}],"curies":[{"name":"wp","href":"https:\/\/api.w.org\/{rel}","templated":true}]}}