{"id":781,"date":"2022-02-24T14:11:37","date_gmt":"2022-02-24T14:11:37","guid":{"rendered":"https:\/\/aristarchusproject.eu\/elearning\/"},"modified":"2024-03-13T09:29:19","modified_gmt":"2024-03-13T09:29:19","slug":"elearning","status":"publish","type":"page","link":"https:\/\/aristarchusproject.eu\/de\/elearning\/","title":{"rendered":"eLearning"},"content":{"rendered":"<div>\n<p>        <img decoding=\"async\" src=\"\/wp-content\/uploads\/2022\/04\/elearning.svg\" alt=\"\"><\/p>\n<h3>E-learning<\/h3>\n<div>\n<p>Die E-Learning-Plattform zielt darauf ab, selbstgesteuertes Lernen f\u00fcr die Entwicklung k\u00fcnftiger lebenslanger Lernender zu f\u00f6rdern. Sie wird Spiele f\u00fcr Lernende enthalten, die auch Lehrkr\u00e4fte bei der Gestaltung von Lernerfahrungen unterst\u00fctzen.<\/p>\n<\/p>\n<\/div>\n<p><a href=\"https:\/\/elearning.aristarchusproject.eu\/\">Plattform besuchen<\/a><\/p>\n<\/div>\n<p><!--more--><br \/>\n<!-- {\"type\":\"layout\",\"children\":[{\"type\":\"section\",\"props\":{\"style\":\"default\",\"width\":\"default\",\"vertical_align\":\"middle\",\"title_position\":\"top-left\",\"title_rotation\":\"left\",\"title_breakpoint\":\"xl\",\"image_position\":\"center-center\",\"padding_remove_top\":true,\"padding\":\"xsmall\"},\"children\":[{\"type\":\"row\",\"children\":[{\"type\":\"column\",\"props\":{\"position_sticky_breakpoint\":\"m\",\"image_position\":\"center-center\",\"media_overlay_gradient\":\"\"},\"children\":[{\"type\":\"headline\",\"props\":{\"title_element\":\"h1\",\"content\":\"\",\"title_color\":\"success\"}}]}]}]},{\"type\":\"section\",\"props\":{\"style\":\"default\",\"width\":\"default\",\"vertical_align\":\"middle\",\"title_position\":\"top-left\",\"title_rotation\":\"left\",\"title_breakpoint\":\"xl\",\"image_position\":\"center-center\",\"padding_remove_top\":false,\"css\":\".el-section{background-color:#F8B6A7;}\"},\"children\":[{\"type\":\"row\",\"children\":[{\"type\":\"column\",\"props\":{\"position_sticky_breakpoint\":\"m\",\"image_position\":\"center-center\",\"media_overlay_gradient\":\"\"},\"children\":[{\"type\":\"panel\",\"props\":{\"link_text\":\"Plattform besuchen\",\"title_hover_style\":\"reset\",\"title_element\":\"h3\",\"title_align\":\"top\",\"title_grid_width\":\"1-2\",\"title_grid_breakpoint\":\"m\",\"meta_style\":\"meta\",\"meta_align\":\"below-title\",\"meta_element\":\"div\",\"content_column_breakpoint\":\"m\",\"icon_width\":80,\"image_align\":\"left\",\"image_grid_width\":\"1-3\",\"image_grid_breakpoint\":\"m\",\"image_svg_color\":\"emphasis\",\"link_style\":\"primary\",\"margin\":\"default\",\"title\":\"E-learning\",\"content\":\"\n\n<p>Die E-Learning-Plattform zielt darauf ab, selbstgesteuertes Lernen f\\u00fcr die Entwicklung k\\u00fcnftiger lebenslanger Lernender zu f\\u00f6rdern. Sie wird Spiele f\\u00fcr Lernende enthalten, die auch Lehrkr\\u00e4fte bei der Gestaltung von Lernerfahrungen unterst\\u00fctzen.<\\\/p>\\n\n\n<p><\\\/p>\",\"image\":\"wp-content\\\/uploads\\\/2022\\\/04\\\/elearning.svg\",\"title_color\":\"success\",\"link\":\"https:\\\/\\\/elearning.aristarchusproject.eu\\\/\",\"link_target\":true},\"name\":\"left-image-panel\"}]}]}]}],\"version\":\"2.7.19\"} --><\/p>\n","protected":false},"excerpt":{"rendered":"<p>E-learning Die E-Learning-Plattform zielt darauf ab, selbstgesteuertes Lernen f\u00fcr die Entwicklung k\u00fcnftiger lebenslanger Lernender zu f\u00f6rdern. Sie wird Spiele f\u00fcr Lernende enthalten, die auch Lehrkr\u00e4fte..<\/p>\n","protected":false},"author":1,"featured_media":0,"parent":0,"menu_order":0,"comment_status":"closed","ping_status":"closed","template":"","meta":{"_acf_changed":false,"inline_featured_image":false,"footnotes":""},"class_list":["post-781","page","type-page","status-publish","hentry"],"acf":[],"_links":{"self":[{"href":"https:\/\/aristarchusproject.eu\/de\/wp-json\/wp\/v2\/pages\/781","targetHints":{"allow":["GET"]}}],"collection":[{"href":"https:\/\/aristarchusproject.eu\/de\/wp-json\/wp\/v2\/pages"}],"about":[{"href":"https:\/\/aristarchusproject.eu\/de\/wp-json\/wp\/v2\/types\/page"}],"author":[{"embeddable":true,"href":"https:\/\/aristarchusproject.eu\/de\/wp-json\/wp\/v2\/users\/1"}],"replies":[{"embeddable":true,"href":"https:\/\/aristarchusproject.eu\/de\/wp-json\/wp\/v2\/comments?post=781"}],"version-history":[{"count":2,"href":"https:\/\/aristarchusproject.eu\/de\/wp-json\/wp\/v2\/pages\/781\/revisions"}],"predecessor-version":[{"id":971,"href":"https:\/\/aristarchusproject.eu\/de\/wp-json\/wp\/v2\/pages\/781\/revisions\/971"}],"wp:attachment":[{"href":"https:\/\/aristarchusproject.eu\/de\/wp-json\/wp\/v2\/media?parent=781"}],"curies":[{"name":"wp","href":"https:\/\/api.w.org\/{rel}","templated":true}]}}