{"id":733,"date":"2022-02-24T14:11:37","date_gmt":"2022-02-24T14:11:37","guid":{"rendered":"https:\/\/aristarchusproject.eu\/home\/"},"modified":"2022-05-27T02:45:02","modified_gmt":"2022-05-27T02:45:02","slug":"home","status":"publish","type":"page","link":"https:\/\/aristarchusproject.eu\/fr\/","title":{"rendered":"Accueil"},"content":{"rendered":"<p><img decoding=\"async\" src=\"\/wp-content\/uploads\/2022\/04\/aristarchus-logo.svg\" alt=\"\"><\/p>\n<h1>Un enseignement scolaire artistique et concret, par un apprentissage collaboratif, incarn\u00e9 et r\u00e9flexif gr\u00e2ce au plan\u00e9taire humain<\/h1>\n<div>\n<p>        <img decoding=\"async\" src=\"\/wp-content\/uploads\/2022\/04\/overview-1.svg\" alt=\"\"><\/p>\n<h3>Pr\u00e9sentation<\/h3>\n<div>Les formidables r\u00e9alisations de l&rsquo;exploration spatiale humaine au cours des 50 derni\u00e8res ann\u00e9es ont inspir\u00e9 et continuent d&rsquo;inspirer la jeune g\u00e9n\u00e9ration pour les inciter \u00e0 s\u2019int\u00e9resser \u00e0 la science et \u00e0 s&rsquo;interroger sur notre syst\u00e8me solaire en particulier. L&rsquo;astronomie offre un contexte tr\u00e8s motivant pour les apprenants, qui peuvent ainsi d\u00e9velopper leurs capacit\u00e9s d&rsquo;observation, d\u00e9couvrir des m\u00e9thodes de recherche scientifique et explorer certaines des lois fondamentales de la physique et certains concepts math\u00e9matiques associ\u00e9s d&rsquo;une mani\u00e8re attrayante et qui fera sens pour eux.<\/div>\n<p><a href=\"\/about\">Lire la suite<\/a><\/p>\n<\/div>\n<div>\n<p>        <img decoding=\"async\" src=\"\/wp-content\/uploads\/2022\/04\/elearning.svg\" alt=\"\"><\/p>\n<h3>eLearning<\/h3>\n<div>\n<p><span data-bind=\"marked: {value: item.body, useMarkdown: item.contentType() == 'TEXT', collapseQuotes: true, openExternalLinksInNewTab: true}\">La plateforme d&rsquo;apprentissage en ligne vise \u00e0 promouvoir l&rsquo;apprentissage en autonomie pour le d\u00e9veloppement des apprenants tout au long de la vie. Elle comprendra des jeux pour les apprenants qui aideront \u00e9galement les \u00e9ducateurs \u00e0 concevoir des exp\u00e9riences d&rsquo;apprentissage.<\/p>\n<p><\/span><\/p>\n<\/div>\n<p><a href=\"\/elearning\">Lire la suite<\/a><\/p>\n<\/div>\n<h2>News<\/h2>\n<ul>\n<li>\n<\/li>\n<li>\n<p>        <img decoding=\"async\" src=\"\/wp-content\/uploads\/2022\/04\/news-img2.png\" alt=\"\"><\/p>\n<h3>Coming Soon<\/h3>\n<\/li>\n<\/ul>\n<p>\n    <a href=\"\/category\/news\/\">View all news<\/a>\n<\/p>\n<p><!--more--><br \/>\n<!-- {\"type\":\"layout\",\"children\":[{\"type\":\"section\",\"props\":{\"style\":\"default\",\"width\":\"default\",\"vertical_align\":\"middle\",\"title_position\":\"top-left\",\"title_rotation\":\"left\",\"title_breakpoint\":\"xl\",\"image_position\":\"center-center\",\"animation\":\"slide-bottom\",\"animation_delay\":\"200\"},\"children\":[{\"type\":\"row\",\"children\":[{\"type\":\"column\",\"props\":{\"position_sticky_breakpoint\":\"m\",\"image_position\":\"center-center\",\"media_overlay_gradient\":\"\",\"width_medium\":\"\"},\"children\":[{\"type\":\"image\",\"props\":{\"margin\":\"default\",\"image_svg_color\":\"emphasis\",\"image\":\"wp-content\\\/uploads\\\/2022\\\/04\\\/aristarchus-logo.svg\",\"text_align\":\"center\",\"animation\":\"parallax\",\"parallax_y_end\":\"-450\"}},{\"type\":\"headline\",\"props\":{\"title_element\":\"h1\",\"title_color\":\"success\",\"content\":\"Un enseignement scolaire artistique et concret, par un apprentissage collaboratif, incarn\\u00e9 et r\\u00e9flexif gr\\u00e2ce au plan\\u00e9taire humain\",\"title_style\":\"h2\",\"text_align\":\"center\",\"css\":\".el-element{color:#8171A9 !important}\",\"animation\":\"parallax\",\"parallax_opacity_end\":\"0\",\"parallax_viewport\":\"1\"}}]}]}]},{\"type\":\"section\",\"props\":{\"style\":\"default\",\"width\":\"default\",\"vertical_align\":\"middle\",\"title_position\":\"top-left\",\"title_rotation\":\"left\",\"title_breakpoint\":\"xl\",\"image_position\":\"center-center\",\"css\":\".el-section{background:#9EC1BD}\",\"animation\":\"slide-left\",\"animation_delay\":\"200\"},\"children\":[{\"type\":\"row\",\"children\":[{\"type\":\"column\",\"props\":{\"position_sticky_breakpoint\":\"m\",\"image_position\":\"center-center\",\"media_overlay_gradient\":\"\"},\"children\":[{\"type\":\"panel\",\"props\":{\"link_text\":\"[readmore_text]\",\"title_hover_style\":\"reset\",\"title_element\":\"h3\",\"title_align\":\"top\",\"title_grid_width\":\"1-2\",\"title_grid_breakpoint\":\"m\",\"meta_style\":\"meta\",\"meta_align\":\"below-title\",\"meta_element\":\"div\",\"content_column_breakpoint\":\"m\",\"icon_width\":80,\"image_align\":\"right\",\"image_grid_width\":\"1-3\",\"image_grid_breakpoint\":\"m\",\"image_svg_color\":\"emphasis\",\"link_style\":\"primary\",\"margin\":\"default\",\"title\":\"Pr\\u00e9sentation\",\"content\":\"Les formidables r\\u00e9alisations de l'exploration spatiale humaine au cours des 50 derni\\u00e8res ann\\u00e9es ont inspir\\u00e9 et continuent d'inspirer la jeune g\\u00e9n\\u00e9ration pour les inciter \\u00e0 s\\u2019int\\u00e9resser \\u00e0 la science et \\u00e0 s'interroger sur notre syst\\u00e8me solaire en particulier. L'astronomie offre un contexte tr\\u00e8s motivant pour les apprenants, qui peuvent ainsi d\\u00e9velopper leurs capacit\\u00e9s d'observation, d\\u00e9couvrir des m\\u00e9thodes de recherche scientifique et explorer certaines des lois fondamentales de la physique et certains concepts math\\u00e9matiques associ\\u00e9s d'une mani\\u00e8re attrayante et qui fera sens pour eux.\",\"image\":\"wp-content\\\/uploads\\\/2022\\\/04\\\/overview-1.svg\",\"title_color\":\"success\",\"link\":\"about\",\"css\":\"svg {max-height:270px;}\",\"parallax_opacity_start\":\"0\",\"parallax_viewport\":\"0.2\",\"parallax_target\":false,\"parallax_opacity_end\":\"1\",\"parallax_x_start\":\"-250\"},\"name\":\"Panel with image RIGHT\"}]}],\"props\":{\"margin\":\"large\"}}]},{\"type\":\"section\",\"props\":{\"style\":\"default\",\"width\":\"default\",\"vertical_align\":\"middle\",\"title_position\":\"top-left\",\"title_rotation\":\"left\",\"title_breakpoint\":\"xl\",\"image_position\":\"center-center\",\"css\":\".el-section{background:#F8B6A7}\",\"animation\":\"slide-right\",\"animation_delay\":\"200\"},\"children\":[{\"type\":\"row\",\"children\":[{\"type\":\"column\",\"props\":{\"position_sticky_breakpoint\":\"m\",\"image_position\":\"center-center\",\"media_overlay_gradient\":\"\"},\"children\":[{\"type\":\"panel\",\"props\":{\"link_text\":\"[readmore_text]\",\"title_hover_style\":\"reset\",\"title_element\":\"h3\",\"title_align\":\"top\",\"title_grid_width\":\"1-2\",\"title_grid_breakpoint\":\"m\",\"meta_style\":\"meta\",\"meta_align\":\"below-title\",\"meta_element\":\"div\",\"content_column_breakpoint\":\"m\",\"icon_width\":80,\"image_align\":\"left\",\"image_grid_width\":\"1-3\",\"image_grid_breakpoint\":\"m\",\"image_svg_color\":\"emphasis\",\"link_style\":\"primary\",\"margin\":\"default\",\"title\":\"eLearning\",\"content\":\"\n\n<p><span data-bind=\\\"marked: {value: item.body, useMarkdown: item.contentType() == 'TEXT', collapseQuotes: true, openExternalLinksInNewTab: true}\\\">La plateforme d'apprentissage en ligne vise \\u00e0 promouvoir l'apprentissage en autonomie pour le d\\u00e9veloppement des apprenants tout au long de la vie. Elle comprendra des jeux pour les apprenants qui aideront \\u00e9galement les \\u00e9ducateurs \\u00e0 concevoir des exp\\u00e9riences d'apprentissage.\\n\\n<\\\/span><\\\/p>\",\"image\":\"wp-content\\\/uploads\\\/2022\\\/04\\\/elearning.svg\",\"title_color\":\"success\",\"link\":\"elearning\",\"parallax_x_start\":\"250\",\"parallax_viewport\":\"0.2\",\"parallax_opacity_start\":\"0\"},\"name\":\"left-image-panel\"}]}],\"props\":{\"row_gap\":\"large\"}}]},{\"type\":\"section\",\"props\":{\"style\":\"muted\",\"width\":\"default\",\"vertical_align\":\"middle\",\"title_position\":\"top-left\",\"title_rotation\":\"left\",\"title_breakpoint\":\"xl\",\"image_position\":\"center-center\",\"padding\":\"small\",\"animation\":\"slide-bottom\",\"animation_delay\":\"200\"},\"children\":[{\"type\":\"row\",\"children\":[{\"type\":\"column\",\"props\":{\"position_sticky_breakpoint\":\"m\",\"image_position\":\"center-center\",\"media_overlay_gradient\":\"\"},\"children\":[{\"type\":\"headline\",\"props\":{\"title_element\":\"h2\",\"title_style\":\"h2\",\"title_color\":\"success\",\"text_align\":\"center\",\"content\":\"[news_header]\"}},{\"type\":\"grid\",\"props\":{\"show_title\":true,\"show_meta\":true,\"show_content\":true,\"show_image\":true,\"show_link\":true,\"grid_default\":\"1\",\"grid_medium\":\"3\",\"filter_style\":\"tab\",\"filter_all\":true,\"filter_position\":\"top\",\"filter_align\":\"left\",\"filter_grid_width\":\"auto\",\"filter_grid_breakpoint\":\"m\",\"title_hover_style\":\"reset\",\"title_element\":\"h3\",\"title_align\":\"top\",\"title_grid_width\":\"1-2\",\"title_grid_breakpoint\":\"m\",\"meta_style\":\"meta\",\"meta_align\":\"below-title\",\"meta_element\":\"div\",\"content_column_breakpoint\":\"m\",\"icon_width\":80,\"image_align\":\"top\",\"image_grid_width\":\"1-2\",\"image_grid_breakpoint\":\"m\",\"image_svg_color\":\"emphasis\",\"link_text\":\"\",\"link_style\":\"secondary\",\"margin\":\"default\",\"item_animation\":true,\"panel_style\":\"card-default\",\"class\":\"news-grid\",\"panel_link\":true,\"css\":\".uk-child-width-1-1.uk-child-width-1-3\\\\@m.uk-grid-match.uk-grid.uk-grid-stack{display:flex;justify-content:center;}\"},\"children\":[{\"type\":\"grid_item\",\"props\":{\"link_text\":\"\"},\"source\":{\"query\":{\"name\":\"posts.customPosts\",\"arguments\":{\"terms\":[10],\"category_operator\":\"IN\",\"post_tag_operator\":\"IN\",\"users\":[],\"users_operator\":\"IN\",\"offset\":0,\"limit\":10,\"order\":\"date\",\"order_direction\":\"DESC\"}},\"props\":{\"title\":{\"filters\":{\"search\":\"\"},\"name\":\"title\"},\"content\":{\"filters\":{\"search\":\"\"},\"name\":\"excerpt\"},\"image\":{\"filters\":{\"search\":\"\"},\"name\":\"featuredImage.url\"},\"link\":{\"filters\":{\"search\":\"\"},\"name\":\"link\"}}}},{\"type\":\"grid_item\",\"props\":{\"title\":\"Coming Soon\",\"image\":\"wp-content\\\/uploads\\\/2022\\\/04\\\/news-img2.png\"},\"source\":{\"query\":{\"name\":\"categories.customCategory\",\"arguments\":{\"id\":10}},\"props\":{\"_condition\":{\"filters\":{\"condition\":\"!\"},\"name\":\"count\"}}}}]},{\"type\":\"button\",\"props\":{\"grid_column_gap\":\"small\",\"grid_row_gap\":\"small\",\"margin\":\"default\",\"text_align\":\"center\"},\"children\":[{\"type\":\"button_item\",\"props\":{\"button_style\":\"primary\",\"icon_align\":\"left\",\"content\":\"[all_news_header]\",\"link\":\"category\\\/news\\\/\"},\"source\":{\"query\":{\"name\":\"categories.customCategories\",\"arguments\":{\"id\":10,\"offset\":0,\"limit\":10,\"order\":\"term_order\",\"order_direction\":\"ASC\"}},\"props\":{\"_condition\":{\"filters\":{\"condition\":\"!!\"},\"name\":\"count\"}}}}]}]}],\"props\":{\"row_gap\":\"large\"}}]}],\"version\":\"2.7.19\"} --><\/p>\n","protected":false},"excerpt":{"rendered":"<p>Un enseignement scolaire artistique et concret, par un apprentissage collaboratif, incarn\u00e9 et r\u00e9flexif gr\u00e2ce au plan\u00e9taire humain Pr\u00e9sentation Les formidables r\u00e9alisations de l&rsquo;exploration spatiale humaine..<\/p>\n","protected":false},"author":1,"featured_media":0,"parent":0,"menu_order":0,"comment_status":"closed","ping_status":"closed","template":"","meta":{"_acf_changed":false,"inline_featured_image":false,"footnotes":""},"class_list":["post-733","page","type-page","status-publish","hentry"],"acf":[],"_links":{"self":[{"href":"https:\/\/aristarchusproject.eu\/fr\/wp-json\/wp\/v2\/pages\/733","targetHints":{"allow":["GET"]}}],"collection":[{"href":"https:\/\/aristarchusproject.eu\/fr\/wp-json\/wp\/v2\/pages"}],"about":[{"href":"https:\/\/aristarchusproject.eu\/fr\/wp-json\/wp\/v2\/types\/page"}],"author":[{"embeddable":true,"href":"https:\/\/aristarchusproject.eu\/fr\/wp-json\/wp\/v2\/users\/1"}],"replies":[{"embeddable":true,"href":"https:\/\/aristarchusproject.eu\/fr\/wp-json\/wp\/v2\/comments?post=733"}],"version-history":[{"count":3,"href":"https:\/\/aristarchusproject.eu\/fr\/wp-json\/wp\/v2\/pages\/733\/revisions"}],"predecessor-version":[{"id":737,"href":"https:\/\/aristarchusproject.eu\/fr\/wp-json\/wp\/v2\/pages\/733\/revisions\/737"}],"wp:attachment":[{"href":"https:\/\/aristarchusproject.eu\/fr\/wp-json\/wp\/v2\/media?parent=733"}],"curies":[{"name":"wp","href":"https:\/\/api.w.org\/{rel}","templated":true}]}}