{"id":758,"date":"2022-03-21T06:09:31","date_gmt":"2022-03-21T06:09:31","guid":{"rendered":"https:\/\/aristarchusproject.eu\/partners\/"},"modified":"2022-05-27T03:22:31","modified_gmt":"2022-05-27T03:22:31","slug":"partners","status":"publish","type":"page","link":"https:\/\/aristarchusproject.eu\/fr\/partners\/","title":{"rendered":"Les partenaires"},"content":{"rendered":"<h3><strong>Les partenaires<\/strong><\/h3>\n<ul>\n<li>\n<p>        <img decoding=\"async\" src=\"\/wp-content\/uploads\/2022\/05\/France_CY-logo.png\" alt=\"\"><\/p>\n<h3>CY Cergy Paris Universit\u00e9<\/h3>\n<div>\n<p class=\"uk-text-center\"><img decoding=\"async\" src=\"https:\/\/aristarchusproject.eu\/wp-content\/uploads\/2022\/05\/France_LDAR-300x67.png\" alt=\"\" class=\"size-medium wp-image-566 aligncenter\" width=\"50%\" height=\"\" srcset=\"https:\/\/aristarchusproject.eu\/wp-content\/uploads\/2022\/05\/France_LDAR-300x67.png 300w, https:\/\/aristarchusproject.eu\/wp-content\/uploads\/2022\/05\/France_LDAR.png 422w\" sizes=\"(max-width: 300px) 100vw, 300px\" \/><\/p>\n<p>CY Cergy Paris Universit\u00e9 est, depuis le 28 octobre 2019, l&rsquo;union de trois entit\u00e9s : l&rsquo;Universit\u00e9 de Cergy-Pontoise, l&rsquo;\u00e9cole d&rsquo;ing\u00e9nieurs EISTI, l&rsquo;Universit\u00e9 Paris Seine. C&rsquo;est un \u00e9tablissement d&rsquo;enseignement sup\u00e9rieur pluridisciplinaire avec 6 campus, une \u00e9cole d&rsquo;ing\u00e9nieurs et un institut de formation des ma\u00eetres rassemblant 24.000 \u00e9tudiants et plus de 1700 personnels. CY est un \u00e9tablissement public \u00e0 vocation scientifique, culturelle et professionnelle, d\u00e9di\u00e9 aux \u00e9tudiants, et ancr\u00e9 sur son territoire. Ses domaines d&rsquo;activit\u00e9 sont l&rsquo;enseignement et la recherche, couvrant tous les domaines sauf la m\u00e9decine. Ses 24 000 \u00e9tudiants \u00e9tudient sur son campus international et dans quatre \u00e9coles sup\u00e9rieures : -CY tech &#8211; sciences, ing\u00e9nierie, \u00e9conomie et gestion &#8211; CY Arts et Humanit\u00e9s &#8211; sciences humaines et sociales &#8211; CY Education &#8211; Institut national sup\u00e9rieur de l&rsquo;enseignement et de l&rsquo;\u00e9ducation ; les \u00e9coles appliqu\u00e9es de service social et l&rsquo;\u00e9cole des carri\u00e8res sportives &#8211; CY droit et politique scientifique.<\/p>\n<\/div>\n<p><a href=\"https:\/\/www.cyu.fr\/\">Site web<\/a><\/p>\n<\/li>\n<li>\n<p>        <img decoding=\"async\" src=\"\/wp-content\/uploads\/2022\/05\/Greece_logo_sfiga-bold_circle_el_en.jpg\" alt=\"\"><\/p>\n<h3>PANEPISTIMIO AIGAIOU<\/h3>\n<div>\n<p>L&rsquo;Universit\u00e9 de Aegean (UAegean, Mer \u00e9g\u00e9e) a \u00e9t\u00e9 fond\u00e9e en 1984. Il s&rsquo;agit d&rsquo;une universit\u00e9 en r\u00e9seau de \u00ab\u00a0lieux portuaires et acad\u00e9miques d&rsquo;\u00e9tudes et de recherche\u00a0\u00bb, \u00e9tablie avec succ\u00e8s dans six campus r\u00e9partis dans l&rsquo;archipel \u00e9g\u00e9en et offrant un environnement acad\u00e9mique, naturel, culturel et humain unique \u00e0 d\u00e9couvrir. UAegean a \u00e9tabli des partenariats solides et une communication efficace avec plusieurs universit\u00e9s, institutions, organisations et autorit\u00e9s nationales, europ\u00e9ennes et internationales, ainsi qu&rsquo;avec le public. Elle constitue un facteur social et \u00e9conomique important et joue le r\u00f4le d&rsquo;innovateur r\u00e9gional dans les deux r\u00e9gions grecques de l&rsquo;archipel \u00e9g\u00e9en : La r\u00e9gion de la mer \u00c9g\u00e9e du Nord et la r\u00e9gion de la mer \u00c9g\u00e9e du Sud. La pl\u00e9thore de projets de recherche de l&rsquo;UAegean est con\u00e7ue pour am\u00e9liorer les capacit\u00e9s d&rsquo;innovation r\u00e9gionales en mati\u00e8re de d\u00e9veloppement du capital humain, d&rsquo;entrepreneuriat et de transfert de technologie, de d\u00e9veloppement de carri\u00e8re et de mobilit\u00e9 des chercheurs (brain-gain).<\/p>\n<\/div>\n<p><a href=\"https:\/\/www.aegean.gr\/\">Site web<\/a><\/p>\n<\/li>\n<li>\n<p>        <img decoding=\"async\" src=\"\/wp-content\/uploads\/2022\/05\/cardet_new_without-text.png\" alt=\"\"><\/p>\n<h3>CARDET<\/h3>\n<div>\n<p>CARDET (Center for the Advancement of Research &amp; Development in Educational Technology) est une organisation de recherche et d\u00e9veloppement ind\u00e9pendante, non gouvernementale et \u00e0 but non lucratif bas\u00e9e \u00e0 Chypre, avec des partenaires dans le monde entier. CARDET est l&rsquo;une des principales institutions de recherche et de d\u00e9veloppement de la r\u00e9gion euro-m\u00e9diterran\u00e9enne. Il collabore avec des organisations locales et internationales, des organismes publics et priv\u00e9s, et \u00e0 travers diverses disciplines pour concevoir des solutions aux d\u00e9fis locaux et mondiaux. Il est \u00e9galement affili\u00e9 de mani\u00e8re ind\u00e9pendante \u00e0 des universit\u00e9s et institutions du monde entier, telles que l&rsquo;Universit\u00e9 de Yale, l&rsquo;Universit\u00e9 de Nicosie et le Conseil international des m\u00e9dias \u00e9ducatifs. CARDET a men\u00e9 \u00e0 bien de nombreux projets relatifs au d\u00e9veloppement du renforcement des capacit\u00e9s et de la planification dans l&rsquo;\u00e9ducation toute au long de la vie, \u00e0 l&rsquo;apprentissage des jeunes et des adultes, \u00e0 l\u2019alphab\u00e9tisation, aux outils num\u00e9riques, \u00e0 l&rsquo;apprentissage en ligne, \u00e0 la technologie \u00e9ducative et \u00e0 l&rsquo;int\u00e9gration sociale des groupes marginalis\u00e9s<\/p>\n<\/div>\n<p><a href=\"https:\/\/www.cardet.org\/\">Site web<\/a><\/p>\n<\/li>\n<li>\n<p>        <img decoding=\"async\" src=\"\/wp-content\/uploads\/2022\/05\/Germany_wwu.svg\" alt=\"\"><\/p>\n<h3>WESTFAELISCHE WILHELMS- University of M\u00fcnster<\/h3>\n<div>\n<p>L&rsquo;universit\u00e9 de M\u00fcnster encourage la recherche de pointe de renomm\u00e9e internationale dans les sciences humaines et sociales, les sciences naturelles et les sciences de la vie. Ces domaines comprennent une recherche fondamentale exceptionnelle et des projets orient\u00e9s vers l&rsquo;application. En plus de superviser deux p\u00f4les d&rsquo;excellence, l&rsquo;universit\u00e9 de M\u00fcnster est le porte-parole d\u00e9sign\u00e9 de dix centres de recherche collaborative de la DFG. Dix laur\u00e9ats du prix Leibniz travaillent actuellement \u00e0 l&rsquo;Universit\u00e9 de M\u00fcnster. Une vingtaine de subventions du Conseil europ\u00e9en de la recherche (ERC &#8211; Starting, Consolidator et Advanced) et six Max Planck Research Awards soulignent les excellentes performances de la recherche.<\/p>\n<\/div>\n<p><a href=\"https:\/\/www.uni-muenster.de\/en\/\">Site web<\/a><\/p>\n<\/li>\n<\/ul>\n<h3>\n<p><strong>Partenaires associ\u00e9s <br \/><\/strong><\/p>\n<\/h3>\n<div>\n<div>\n<p><strong>France:<\/strong><\/p>\n<p><em>Soutien institutionnel :<br \/><\/em><\/p>\n<ul>\n<li>CARDIE de Paris<\/li>\n<li>IREM &#8211; Paris (Institut de Recherche et d&rsquo;Enseignement en Math\u00e9matiques)<\/li>\n<li>IREM &#8211; Lille et INSPE &#8211; Lille<\/li>\n<li><em>Centres de m\u00e9diation :<\/em><\/li>\n<li>Mus\u00e9e National d&rsquo;Histoire Naturelle<\/li>\n<li>Universciences\n<ul>\n<li>Association F-HOU<\/li>\n<\/ul>\n<\/li>\n<\/ul>\n<p><em>\u00c9coles :<\/em><\/p>\n<ul>\n<li>\u00c9cole primaire Arthur Rimbaux et sa cit\u00e9 \u00e9ducative,<\/li>\n<li>Chanteloup-les-Vignes (78)<\/li>\n<li>Coll\u00e8ge Edouard Pailleron (Paris)<\/li>\n<li>Coll\u00e8ge Louise Michel (Paris)<\/li>\n<li>Ecole Primaire Paul Bert, Canejan (33)<\/li>\n<li>Coll\u00e8ge de Berc\u00e9, Montval sur Loir (72)<\/li>\n<li>EDEYS \u00e9tablissement sp\u00e9cialis\u00e9 pour les enfants Dys (33)<\/li>\n<\/ul>\n<\/div>\n<\/div>\n<div>\n<div>\n<p><strong>Gr\u00e8ce :<br \/><\/strong><\/p>\n<ul>\n<li>PARAGON-eduTech<\/li>\n<li>3rd Primary School of Kilkis<\/li>\n<li>1st Gymnasium of Rafina<\/li>\n<li>1st Gymnasium of Halkutsi<\/li>\n<li>3rd Laboratory Center of East Attica (3EK)<\/li>\n<li>Rodion Pedia<\/li>\n<\/ul>\n<p><strong>Chypre :<br \/><\/strong><\/p>\n<ul>\n<li>Minist\u00e8re de l&rsquo;\u00e9ducation, des cultures, des sports et de la jeunesse de Chypre<\/li>\n<li>Chambre de commerce de Chypre<\/li>\n<\/ul>\n<p><strong>Allemagne :<br \/><\/strong><\/p>\n<ul>\n<li>Coll\u00e8ge Goethe, Ibbenb\u00fcren<\/li>\n<li>Nouveau Coll\u00e8ge, Oldenburg<\/li>\n<li>Museum d&rsquo;Histoire Naturelle et Plan\u00e9tarium LWL (Natural History Museum, LWL, and its planetarium)<\/li>\n<\/ul>\n<\/div>\n<\/div>\n<p><!--more--><br \/>\n<!-- {\"type\":\"layout\",\"children\":[{\"type\":\"section\",\"props\":{\"style\":\"default\",\"width\":\"\",\"vertical_align\":\"middle\",\"title_position\":\"top-left\",\"title_rotation\":\"left\",\"title_breakpoint\":\"xl\",\"image_position\":\"center-center\",\"padding_remove_top\":false},\"children\":[{\"type\":\"row\",\"children\":[{\"type\":\"column\",\"props\":{\"position_sticky_breakpoint\":\"m\",\"image_position\":\"center-center\",\"media_overlay_gradient\":\"\"},\"children\":[{\"type\":\"headline\",\"props\":{\"title_element\":\"h3\",\"title_style\":\"h3\",\"title_color\":\"success\",\"text_align\":\"left\",\"content\":\"<strong>Les partenaires<\\\/strong>\"},\"name\":\"headline-pages\"}]}],\"props\":{\"width\":\"default\"}},{\"type\":\"row\",\"children\":[{\"type\":\"column\",\"props\":{\"position_sticky_breakpoint\":\"m\",\"image_position\":\"center-center\",\"media_overlay_gradient\":\"\"},\"children\":[{\"name\":\"Accordion Image Top\",\"type\":\"accordion\",\"children\":[{\"name\":\"\",\"type\":\"accordion_item\",\"props\":{\"content\":\"\n\n<p class=\\\"uk-text-center\\\"><img src=\\\"https:\\\/\\\/aristarchusproject.eu\\\/wp-content\\\/uploads\\\/2022\\\/05\\\/France_LDAR-300x67.png\\\" alt=\\\"\\\" class=\\\"size-medium wp-image-566 aligncenter\\\" width=\\\"50%\\\" height=\\\"\\\" \\\/><\\\/p>\\n\n\n<p>CY Cergy Paris Universit\\u00e9 est, depuis le 28 octobre 2019, l'union de trois entit\\u00e9s : l'Universit\\u00e9 de Cergy-Pontoise, l'\\u00e9cole d'ing\\u00e9nieurs EISTI, l'Universit\\u00e9 Paris Seine. C'est un \\u00e9tablissement d'enseignement sup\\u00e9rieur pluridisciplinaire avec 6 campus, une \\u00e9cole d'ing\\u00e9nieurs et un institut de formation des ma\\u00eetres rassemblant 24.000 \\u00e9tudiants et plus de 1700 personnels. CY est un \\u00e9tablissement public \\u00e0 vocation scientifique, culturelle et professionnelle, d\\u00e9di\\u00e9 aux \\u00e9tudiants, et ancr\\u00e9 sur son territoire. Ses domaines d'activit\\u00e9 sont l'enseignement et la recherche, couvrant tous les domaines sauf la m\\u00e9decine. Ses 24 000 \\u00e9tudiants \\u00e9tudient sur son campus international et dans quatre \\u00e9coles sup\\u00e9rieures : -CY tech - sciences, ing\\u00e9nierie, \\u00e9conomie et gestion - CY Arts et Humanit\\u00e9s - sciences humaines et sociales - CY Education - Institut national sup\\u00e9rieur de l'enseignement et de l'\\u00e9ducation ; les \\u00e9coles appliqu\\u00e9es de service social et l'\\u00e9cole des carri\\u00e8res sportives - CY droit et politique scientifique.<\\\/p>\",\"title\":\"CY Cergy Paris Universit\\u00e9\",\"link\":\"https:\\\/\\\/www.cyu.fr\\\/\",\"image\":\"wp-content\\\/uploads\\\/2022\\\/05\\\/France_CY-logo.png\",\"link_text\":\"\"}},{\"name\":\"\",\"type\":\"accordion_item\",\"props\":{\"content\":\"\n\n<p>L'Universit\\u00e9 de Aegean (UAegean, Mer \\u00e9g\\u00e9e) a \\u00e9t\\u00e9 fond\\u00e9e en 1984. Il s'agit d'une universit\\u00e9 en r\\u00e9seau de \\\"lieux portuaires et acad\\u00e9miques d'\\u00e9tudes et de recherche\\\", \\u00e9tablie avec succ\\u00e8s dans six campus r\\u00e9partis dans l'archipel \\u00e9g\\u00e9en et offrant un environnement acad\\u00e9mique, naturel, culturel et humain unique \\u00e0 d\\u00e9couvrir. UAegean a \\u00e9tabli des partenariats solides et une communication efficace avec plusieurs universit\\u00e9s, institutions, organisations et autorit\\u00e9s nationales, europ\\u00e9ennes et internationales, ainsi qu'avec le public. Elle constitue un facteur social et \\u00e9conomique important et joue le r\\u00f4le d'innovateur r\\u00e9gional dans les deux r\\u00e9gions grecques de l'archipel \\u00e9g\\u00e9en : La r\\u00e9gion de la mer \\u00c9g\\u00e9e du Nord et la r\\u00e9gion de la mer \\u00c9g\\u00e9e du Sud. La pl\\u00e9thore de projets de recherche de l'UAegean est con\\u00e7ue pour am\\u00e9liorer les capacit\\u00e9s d'innovation r\\u00e9gionales en mati\\u00e8re de d\\u00e9veloppement du capital humain, d'entrepreneuriat et de transfert de technologie, de d\\u00e9veloppement de carri\\u00e8re et de mobilit\\u00e9 des chercheurs (brain-gain).<\\\/p>\",\"title\":\"PANEPISTIMIO AIGAIOU\",\"link\":\"https:\\\/\\\/www.aegean.gr\\\/\",\"image\":\"wp-content\\\/uploads\\\/2022\\\/05\\\/Greece_logo_sfiga-bold_circle_el_en.jpg\"}},{\"name\":\"\",\"type\":\"accordion_item\",\"props\":{\"content\":\"\n\n<p>CARDET (Center for the Advancement of Research &amp; Development in Educational Technology) est une organisation de recherche et d\\u00e9veloppement ind\\u00e9pendante, non gouvernementale et \\u00e0 but non lucratif bas\\u00e9e \\u00e0 Chypre, avec des partenaires dans le monde entier. CARDET est l'une des principales institutions de recherche et de d\\u00e9veloppement de la r\\u00e9gion euro-m\\u00e9diterran\\u00e9enne. Il collabore avec des organisations locales et internationales, des organismes publics et priv\\u00e9s, et \\u00e0 travers diverses disciplines pour concevoir des solutions aux d\\u00e9fis locaux et mondiaux. Il est \\u00e9galement affili\\u00e9 de mani\\u00e8re ind\\u00e9pendante \\u00e0 des universit\\u00e9s et institutions du monde entier, telles que l'Universit\\u00e9 de Yale, l'Universit\\u00e9 de Nicosie et le Conseil international des m\\u00e9dias \\u00e9ducatifs. CARDET a men\\u00e9 \\u00e0 bien de nombreux projets relatifs au d\\u00e9veloppement du renforcement des capacit\\u00e9s et de la planification dans l'\\u00e9ducation toute au long de la vie, \\u00e0 l'apprentissage des jeunes et des adultes, \\u00e0 l\\u2019alphab\\u00e9tisation, aux outils num\\u00e9riques, \\u00e0 l'apprentissage en ligne, \\u00e0 la technologie \\u00e9ducative et \\u00e0 l'int\\u00e9gration sociale des groupes marginalis\\u00e9s<\\\/p>\",\"title\":\"CARDET\",\"link\":\"https:\\\/\\\/www.cardet.org\\\/\",\"image\":\"wp-content\\\/uploads\\\/2022\\\/05\\\/cardet_new_without-text.png\"}},{\"name\":\"\",\"type\":\"accordion_item\",\"props\":{\"content\":\"\n\n<p>L'universit\\u00e9 de M\\u00fcnster encourage la recherche de pointe de renomm\\u00e9e internationale dans les sciences humaines et sociales, les sciences naturelles et les sciences de la vie. Ces domaines comprennent une recherche fondamentale exceptionnelle et des projets orient\\u00e9s vers l'application. En plus de superviser deux p\\u00f4les d'excellence, l'universit\\u00e9 de M\\u00fcnster est le porte-parole d\\u00e9sign\\u00e9 de dix centres de recherche collaborative de la DFG. Dix laur\\u00e9ats du prix Leibniz travaillent actuellement \\u00e0 l'Universit\\u00e9 de M\\u00fcnster. Une vingtaine de subventions du Conseil europ\\u00e9en de la recherche (ERC - Starting, Consolidator et Advanced) et six Max Planck Research Awards soulignent les excellentes performances de la recherche.<\\\/p>\",\"title\":\"WESTFAELISCHE WILHELMS- University of M\\u00fcnster\",\"link\":\"https:\\\/\\\/www.uni-muenster.de\\\/en\\\/\",\"image\":\"wp-content\\\/uploads\\\/2022\\\/05\\\/Germany_wwu.svg\"}}],\"props\":{\"multiple\":false,\"collapsible\":false,\"show_image\":true,\"show_link\":true,\"title_element\":\"h3\",\"image_align\":\"top\",\"image_grid_width\":\"1-2\",\"link_text\":\"[website_text]\",\"link_style\":\"primary\",\"image_svg_color\":\"emphasis\",\"image_grid_breakpoint\":\"m\",\"content_column_breakpoint\":\"m\",\"content_dropcap\":false,\"content_column\":\"\",\"id\":\"accordion-image-top\",\"image_height\":\"300\",\"text_align\":\"center\",\"class\":\"partners-accordion\",\"link_target\":true}}]}]}],\"name\":\"Partners\"},{\"type\":\"section\",\"props\":{\"style\":\"default\",\"width\":\"default\",\"vertical_align\":\"middle\",\"title_position\":\"top-left\",\"title_rotation\":\"left\",\"title_breakpoint\":\"xl\",\"image_position\":\"center-center\"},\"children\":[{\"type\":\"row\",\"children\":[{\"type\":\"column\",\"props\":{\"position_sticky_breakpoint\":\"m\",\"image_position\":\"center-center\",\"media_overlay_gradient\":\"\"},\"children\":[{\"type\":\"headline\",\"props\":{\"title_element\":\"h3\",\"title_style\":\"h3\",\"title_color\":\"success\",\"text_align\":\"left\",\"content\":\"\n\n<p><strong>Partenaires associ\\u00e9s <br \\\/><\\\/strong><\\\/p>\"},\"name\":\"headline-pages\"}]}]},{\"type\":\"row\",\"props\":{\"layout\":\"1-2,1-2\"},\"children\":[{\"type\":\"column\",\"props\":{\"position_sticky_breakpoint\":\"m\",\"image_position\":\"center-center\",\"media_overlay_gradient\":\"\",\"width_medium\":\"1-2\"},\"children\":[{\"type\":\"list\",\"props\":{\"show_image\":true,\"show_link\":true,\"list_type\":\"vertical\",\"list_element\":\"ul\",\"list_horizontal_separator\":\", \",\"column_breakpoint\":\"m\",\"image_svg_color\":\"emphasis\",\"image_align\":\"left\",\"image_vertical_align\":true},\"children\":[{\"type\":\"list_item\",\"props\":{\"content\":\"\n\n<p><strong>France:<\\\/strong><\\\/p>\\n\n\n<p><em>Soutien institutionnel :<br \\\/><\\\/em><\\\/p>\\n\n\n<ul>\\n\n\n<li>CARDIE de Paris<\\\/li>\\n\n\n<li>IREM - Paris (Institut de Recherche et d'Enseignement en Math\\u00e9matiques)<\\\/li>\\n\n\n<li>IREM - Lille et INSPE - Lille<\\\/li>\\n\n\n<li><em>Centres de m\\u00e9diation :<\\\/em><\\\/li>\\n\n\n<li>Mus\\u00e9e National d'Histoire Naturelle<\\\/li>\\n\n\n<li>Universciences\\n\n\n<ul>\\n\n\n<li>Association F-HOU<\\\/li>\\n<\\\/ul>\\n<\\\/li>\\n<\\\/ul>\\n\n\n<p><em>\\u00c9coles :<\\\/em><\\\/p>\\n\n\n<ul>\\n\n\n<li>\\u00c9cole primaire Arthur Rimbaux et sa cit\\u00e9 \\u00e9ducative,<\\\/li>\\n\n\n<li>Chanteloup-les-Vignes (78)<\\\/li>\\n\n\n<li>Coll\\u00e8ge Edouard Pailleron (Paris)<\\\/li>\\n\n\n<li>Coll\\u00e8ge Louise Michel (Paris)<\\\/li>\\n\n\n<li>Ecole Primaire Paul Bert, Canejan (33)<\\\/li>\\n\n\n<li>Coll\\u00e8ge de Berc\\u00e9, Montval sur Loir (72)<\\\/li>\\n\n\n<li>EDEYS \\u00e9tablissement sp\\u00e9cialis\\u00e9 pour les enfants Dys (33)<\\\/li>\\n<\\\/ul>\"}}]}]},{\"type\":\"column\",\"props\":{\"position_sticky_breakpoint\":\"m\",\"image_position\":\"center-center\",\"media_overlay_gradient\":\"\",\"width_medium\":\"1-2\"},\"children\":[{\"type\":\"list\",\"props\":{\"show_image\":true,\"show_link\":true,\"list_type\":\"vertical\",\"list_element\":\"ul\",\"list_horizontal_separator\":\", \",\"column_breakpoint\":\"m\",\"image_svg_color\":\"emphasis\",\"image_align\":\"left\",\"image_vertical_align\":true},\"children\":[{\"type\":\"list_item\",\"props\":{\"content\":\"\n\n<p><strong>Gr\\u00e8ce :<br \\\/><\\\/strong><\\\/p>\\n\n\n<ul>\\n\n\n<li>PARAGON-eduTech<\\\/li>\\n\n\n<li>3rd Primary School of Kilkis<\\\/li>\\n\n\n<li>1st Gymnasium of Rafina<\\\/li>\\n\n\n<li>1st Gymnasium of Halkutsi<\\\/li>\\n\n\n<li>3rd Laboratory Center of East Attica (3EK)<\\\/li>\\n\n\n<li>Rodion Pedia<\\\/li>\\n<\\\/ul>\\n\n\n<p><strong>Chypre :<br \\\/><\\\/strong><\\\/p>\\n\n\n<ul>\\n\n\n<li>Minist\\u00e8re de l'\\u00e9ducation, des cultures, des sports et de la jeunesse de Chypre<\\\/li>\\n\n\n<li>Chambre de commerce de Chypre<\\\/li>\\n<\\\/ul>\\n\n\n<p><strong>Allemagne :<br \\\/><\\\/strong><\\\/p>\\n\n\n<ul>\\n\n\n<li>Coll\\u00e8ge Goethe, Ibbenb\\u00fcren<\\\/li>\\n\n\n<li>Nouveau Coll\\u00e8ge, Oldenburg<\\\/li>\\n\n\n<li>Museum d'Histoire Naturelle et Plan\\u00e9tarium LWL (Natural History Museum, LWL, and its planetarium)<\\\/li>\\n<\\\/ul>\"}}]}]}]}]}],\"version\":\"2.7.19\"} --><\/p>\n","protected":false},"excerpt":{"rendered":"<p>Les partenaires CY Cergy Paris Universit\u00e9 CY Cergy Paris Universit\u00e9 est, depuis le 28 octobre 2019, l&rsquo;union de trois entit\u00e9s : l&rsquo;Universit\u00e9 de Cergy-Pontoise, l&rsquo;\u00e9cole..<\/p>\n","protected":false},"author":1,"featured_media":0,"parent":0,"menu_order":0,"comment_status":"closed","ping_status":"closed","template":"","meta":{"_acf_changed":false,"inline_featured_image":false,"footnotes":""},"class_list":["post-758","page","type-page","status-publish","hentry"],"acf":[],"_links":{"self":[{"href":"https:\/\/aristarchusproject.eu\/fr\/wp-json\/wp\/v2\/pages\/758","targetHints":{"allow":["GET"]}}],"collection":[{"href":"https:\/\/aristarchusproject.eu\/fr\/wp-json\/wp\/v2\/pages"}],"about":[{"href":"https:\/\/aristarchusproject.eu\/fr\/wp-json\/wp\/v2\/types\/page"}],"author":[{"embeddable":true,"href":"https:\/\/aristarchusproject.eu\/fr\/wp-json\/wp\/v2\/users\/1"}],"replies":[{"embeddable":true,"href":"https:\/\/aristarchusproject.eu\/fr\/wp-json\/wp\/v2\/comments?post=758"}],"version-history":[{"count":5,"href":"https:\/\/aristarchusproject.eu\/fr\/wp-json\/wp\/v2\/pages\/758\/revisions"}],"predecessor-version":[{"id":775,"href":"https:\/\/aristarchusproject.eu\/fr\/wp-json\/wp\/v2\/pages\/758\/revisions\/775"}],"wp:attachment":[{"href":"https:\/\/aristarchusproject.eu\/fr\/wp-json\/wp\/v2\/media?parent=758"}],"curies":[{"name":"wp","href":"https:\/\/api.w.org\/{rel}","templated":true}]}}