{"id":780,"date":"2022-02-24T14:11:37","date_gmt":"2022-02-24T14:11:37","guid":{"rendered":"https:\/\/aristarchusproject.eu\/elearning\/"},"modified":"2024-03-13T09:28:58","modified_gmt":"2024-03-13T09:28:58","slug":"elearning","status":"publish","type":"page","link":"https:\/\/aristarchusproject.eu\/fr\/elearning\/","title":{"rendered":"eLearning"},"content":{"rendered":"<div>\n<p>        <img decoding=\"async\" src=\"\/wp-content\/uploads\/2022\/04\/elearning.svg\" alt=\"\"><\/p>\n<h3>E-learning<\/h3>\n<div>\n<p>La plateforme d&rsquo;apprentissage en ligne vise \u00e0 promouvoir l&rsquo;apprentissage en autonomie pour le d\u00e9veloppement des apprenants tout au long de la vie. Elle comprendra des jeux pour les apprenants qui aideront \u00e9galement les \u00e9ducateurs \u00e0 concevoir des exp\u00e9riences d&rsquo;apprentissage.<\/p>\n<\/p>\n<\/div>\n<p><a href=\"https:\/\/elearning.aristarchusproject.eu\/\">Visiter la plateforme<\/a><\/p>\n<\/div>\n<p><!--more--><br \/>\n<!-- {\"type\":\"layout\",\"children\":[{\"type\":\"section\",\"props\":{\"style\":\"default\",\"width\":\"default\",\"vertical_align\":\"middle\",\"title_position\":\"top-left\",\"title_rotation\":\"left\",\"title_breakpoint\":\"xl\",\"image_position\":\"center-center\",\"padding_remove_top\":true,\"padding\":\"xsmall\"},\"children\":[{\"type\":\"row\",\"children\":[{\"type\":\"column\",\"props\":{\"position_sticky_breakpoint\":\"m\",\"image_position\":\"center-center\",\"media_overlay_gradient\":\"\"},\"children\":[]}]}]},{\"type\":\"section\",\"props\":{\"style\":\"default\",\"width\":\"default\",\"vertical_align\":\"middle\",\"title_position\":\"top-left\",\"title_rotation\":\"left\",\"title_breakpoint\":\"xl\",\"image_position\":\"center-center\",\"padding_remove_top\":false,\"css\":\".el-section{background-color:#F8B6A7;}\"},\"children\":[{\"type\":\"row\",\"children\":[{\"type\":\"column\",\"props\":{\"position_sticky_breakpoint\":\"m\",\"image_position\":\"center-center\",\"media_overlay_gradient\":\"\"},\"children\":[{\"type\":\"panel\",\"props\":{\"link_text\":\"Visiter la plateforme\",\"title_hover_style\":\"reset\",\"title_element\":\"h3\",\"title_align\":\"top\",\"title_grid_width\":\"1-2\",\"title_grid_breakpoint\":\"m\",\"meta_style\":\"meta\",\"meta_align\":\"below-title\",\"meta_element\":\"div\",\"content_column_breakpoint\":\"m\",\"icon_width\":80,\"image_align\":\"left\",\"image_grid_width\":\"1-3\",\"image_grid_breakpoint\":\"m\",\"image_svg_color\":\"emphasis\",\"link_style\":\"primary\",\"margin\":\"default\",\"title\":\"E-learning\",\"content\":\"\n\n<p>La plateforme d'apprentissage en ligne vise \\u00e0 promouvoir l'apprentissage en autonomie pour le d\\u00e9veloppement des apprenants tout au long de la vie. Elle comprendra des jeux pour les apprenants qui aideront \\u00e9galement les \\u00e9ducateurs \\u00e0 concevoir des exp\\u00e9riences d'apprentissage.<\\\/p>\\n\n\n<p><\\\/p>\",\"image\":\"wp-content\\\/uploads\\\/2022\\\/04\\\/elearning.svg\",\"title_color\":\"success\",\"link\":\"https:\\\/\\\/elearning.aristarchusproject.eu\\\/\",\"link_target\":true},\"name\":\"left-image-panel\"}]}]}]}],\"version\":\"2.7.19\"} --><\/p>\n","protected":false},"excerpt":{"rendered":"<p>E-learning La plateforme d&rsquo;apprentissage en ligne vise \u00e0 promouvoir l&rsquo;apprentissage en autonomie pour le d\u00e9veloppement des apprenants tout au long de la vie. Elle comprendra..<\/p>\n","protected":false},"author":1,"featured_media":0,"parent":0,"menu_order":0,"comment_status":"closed","ping_status":"closed","template":"","meta":{"_acf_changed":false,"inline_featured_image":false,"footnotes":""},"class_list":["post-780","page","type-page","status-publish","hentry"],"acf":[],"_links":{"self":[{"href":"https:\/\/aristarchusproject.eu\/fr\/wp-json\/wp\/v2\/pages\/780","targetHints":{"allow":["GET"]}}],"collection":[{"href":"https:\/\/aristarchusproject.eu\/fr\/wp-json\/wp\/v2\/pages"}],"about":[{"href":"https:\/\/aristarchusproject.eu\/fr\/wp-json\/wp\/v2\/types\/page"}],"author":[{"embeddable":true,"href":"https:\/\/aristarchusproject.eu\/fr\/wp-json\/wp\/v2\/users\/1"}],"replies":[{"embeddable":true,"href":"https:\/\/aristarchusproject.eu\/fr\/wp-json\/wp\/v2\/comments?post=780"}],"version-history":[{"count":3,"href":"https:\/\/aristarchusproject.eu\/fr\/wp-json\/wp\/v2\/pages\/780\/revisions"}],"predecessor-version":[{"id":970,"href":"https:\/\/aristarchusproject.eu\/fr\/wp-json\/wp\/v2\/pages\/780\/revisions\/970"}],"wp:attachment":[{"href":"https:\/\/aristarchusproject.eu\/fr\/wp-json\/wp\/v2\/media?parent=780"}],"curies":[{"name":"wp","href":"https:\/\/api.w.org\/{rel}","templated":true}]}}